{"id":5351,"date":"2025-07-23T14:52:34","date_gmt":"2025-07-23T14:52:34","guid":{"rendered":"https:\/\/www.mikasaibiza.com\/sant-ciriac-8-de-agosto\/"},"modified":"2025-07-29T16:35:20","modified_gmt":"2025-07-29T16:35:20","slug":"sant-ciriac-8-de-agosto","status":"publish","type":"page","link":"https:\/\/www.mikasaibiza.com\/es\/sant-ciriac-8-de-agosto\/","title":{"rendered":"Sant Ciriac, 8 de agosto"},"content":{"rendered":"[vc_row type=\u00bbfull_width_background\u00bb full_screen_row_position=\u00bbmiddle\u00bb column_margin=\u00bbdefault\u00bb column_direction=\u00bbdefault\u00bb column_direction_tablet=\u00bbdefault\u00bb column_direction_phone=\u00bbdefault\u00bb bg_color=\u00bb#000000&#8243; bg_image=\u00bb5345&#8243; bg_position=\u00bbcenter center\u00bb background_image_loading=\u00bblazy-load\u00bb bg_repeat=\u00bbno-repeat\u00bb scene_position=\u00bbcenter\u00bb top_padding=\u00bb160&#8243; bottom_padding=\u00bb160&#8243; bottom_margin=\u00bb40&#8243; text_color=\u00bbdark\u00bb text_align=\u00bbleft\u00bb row_border_radius=\u00bbnone\u00bb row_border_radius_applies=\u00bbbg\u00bb overflow=\u00bbvisible\u00bb overlay_strength=\u00bb0.3&#8243; gradient_direction=\u00bbleft_to_right\u00bb shape_divider_position=\u00bbbottom\u00bb bg_image_animation=\u00bbnone\u00bb parallax_bg=\u00bbtrue\u00bb parallax_bg_speed=\u00bbfast\u00bb shape_type=\u00bb\u00bb gradient_type=\u00bbdefault\u00bb][vc_column column_padding=\u00bbno-extra-padding\u00bb column_padding_tablet=\u00bbinherit\u00bb column_padding_phone=\u00bbinherit\u00bb column_padding_position=\u00bball\u00bb column_element_direction_desktop=\u00bbdefault\u00bb column_element_spacing=\u00bbdefault\u00bb centered_text=\u00bbtrue\u00bb desktop_text_alignment=\u00bbdefault\u00bb tablet_text_alignment=\u00bbdefault\u00bb phone_text_alignment=\u00bbdefault\u00bb background_color_opacity=\u00bb1&#8243; background_hover_color_opacity=\u00bb1&#8243; column_backdrop_filter=\u00bbnone\u00bb column_shadow=\u00bbnone\u00bb column_border_radius=\u00bbnone\u00bb column_link_target=\u00bb_self\u00bb column_position=\u00bbdefault\u00bb gradient_direction=\u00bbleft_to_right\u00bb overlay_strength=\u00bb0.3&#8243; width=\u00bb1\/1&#8243; tablet_width_inherit=\u00bbdefault\u00bb animation_type=\u00bbdefault\u00bb bg_image_animation=\u00bbnone\u00bb border_type=\u00bbsimple\u00bb column_border_width=\u00bbnone\u00bb column_border_style=\u00bbsolid\u00bb column_padding_type=\u00bbdefault\u00bb gradient_type=\u00bbdefault\u00bb][image_with_animation image_url=\u00bb3530&#8243; image_size=\u00bbfull\u00bb max_width=\u00bbcustom\u00bb animation_type=\u00bbentrance\u00bb animation=\u00bbNone\u00bb animation_movement_type=\u00bbtransform_y\u00bb hover_animation=\u00bbnone\u00bb alignment=\u00bbcenter\u00bb border_radius=\u00bbnone\u00bb box_shadow=\u00bbnone\u00bb image_loading=\u00bbdefault\u00bb margin_bottom=\u00bb40px\u00bb max_width_custom=\u00bb160px\u00bb][vc_column_text css=\u00bb.vc_custom_1753806810108{margin-bottom: 40px !important;}\u00bb text_direction=\u00bbdefault\u00bb max_width=\u00bb800&#8243;]\n<\/p>\n<p><\/p>\n<h1 style=\"line-height: 1em; font-weight: bold;\"><span style=\"color: #ffffff;\">Sant Ciriac en Mikasa<\/span><br \/>\n<span style=\"color: #ffffff; font-size: .8em;\">Cena c\u00f3ctel, m\u00fasica y fuegos artificiales<\/span><\/h1>\n<p><\/p>\n<h4><span style=\"color: #ffffff;\">Viernes 8 de agosto, de 21.00 a 24.00 horas<\/span><\/h4>\n<p><\/p>\n<p>\n[\/vc_column_text][\/vc_column][\/vc_row][vc_row type=\u00bbin_container\u00bb full_screen_row_position=\u00bbmiddle\u00bb column_margin=\u00bbdefault\u00bb column_direction=\u00bbdefault\u00bb column_direction_tablet=\u00bbdefault\u00bb column_direction_phone=\u00bbdefault\u00bb scene_position=\u00bbcenter\u00bb top_padding=\u00bb0&#8243; bottom_padding=\u00bb0&#8243; top_margin=\u00bb0&#8243; bottom_margin=\u00bb0&#8243; text_color=\u00bbdark\u00bb text_align=\u00bbleft\u00bb row_border_radius=\u00bbnone\u00bb row_border_radius_applies=\u00bbbg\u00bb overflow=\u00bbvisible\u00bb overlay_strength=\u00bb0.3&#8243; gradient_direction=\u00bbleft_to_right\u00bb shape_divider_position=\u00bbbottom\u00bb bg_image_animation=\u00bbnone\u00bb shape_type=\u00bb\u00bb gradient_type=\u00bbdefault\u00bb][vc_column column_padding=\u00bbno-extra-padding\u00bb column_padding_tablet=\u00bbinherit\u00bb column_padding_phone=\u00bbinherit\u00bb column_padding_position=\u00bball\u00bb column_element_direction_desktop=\u00bbdefault\u00bb column_element_spacing=\u00bbdefault\u00bb centered_text=\u00bbtrue\u00bb desktop_text_alignment=\u00bbdefault\u00bb tablet_text_alignment=\u00bbdefault\u00bb phone_text_alignment=\u00bbdefault\u00bb background_color_opacity=\u00bb1&#8243; background_hover_color_opacity=\u00bb1&#8243; column_backdrop_filter=\u00bbnone\u00bb column_shadow=\u00bbnone\u00bb column_border_radius=\u00bbnone\u00bb column_link_target=\u00bb_self\u00bb column_position=\u00bbdefault\u00bb gradient_direction=\u00bbleft_to_right\u00bb overlay_strength=\u00bb0.3&#8243; width=\u00bb1\/1&#8243; tablet_width_inherit=\u00bbdefault\u00bb animation_type=\u00bbdefault\u00bb bg_image_animation=\u00bbnone\u00bb border_type=\u00bbsimple\u00bb column_border_width=\u00bbnone\u00bb column_border_style=\u00bbsolid\u00bb][vc_column_text css=\u00bb.vc_custom_1753280172562{margin-bottom: 0px !important;}\u00bb text_direction=\u00bbdefault\u00bb max_width=\u00bb800&#8243;]El <strong>viernes 8 de agosto<\/strong>, Ibiza celebra a <strong>Sant Ciriac<\/strong>, su patr\u00f3n, con un d\u00eda completo de tradiciones y un espectacular espect\u00e1culo de fuegos artificiales sobre el puerto antiguo.<\/p>\n<p>A partir de las 21:00, te invitamos a disfrutarlo todo desde la azotea de <strong>Mikasa<\/strong>, con vistas privilegiadas a Dalt Vila, una cena tipo c\u00f3ctel, bebidas sin fin y un set en directo de estilo balear a cargo de <strong>Be.Lanuit<\/strong>, <strong>Bel\u00e9n Bemb\u00e9<\/strong> y <strong>Tupac Peralta<\/strong>.<\/p>\n<p>Es una forma \u00fanica de vivir una de las noches m\u00e1s especiales de la isla, rodeado de buena comida, buena m\u00fasica y la magia de una ciudad en plena celebraci\u00f3n.[\/vc_column_text][\/vc_column][\/vc_row][vc_row type=\u00bbin_container\u00bb full_screen_row_position=\u00bbmiddle\u00bb column_margin=\u00bbdefault\u00bb column_direction=\u00bbdefault\u00bb column_direction_tablet=\u00bbdefault\u00bb column_direction_phone=\u00bbdefault\u00bb scene_position=\u00bbcenter\u00bb top_padding=\u00bb28&#8243; bottom_padding=\u00bb20&#8243; text_color=\u00bbdark\u00bb text_align=\u00bbleft\u00bb row_border_radius=\u00bbnone\u00bb row_border_radius_applies=\u00bbbg\u00bb overflow=\u00bbvisible\u00bb overlay_strength=\u00bb0.3&#8243; gradient_direction=\u00bbleft_to_right\u00bb shape_divider_position=\u00bbbottom\u00bb bg_image_animation=\u00bbnone\u00bb shape_type=\u00bb\u00bb gradient_type=\u00bbdefault\u00bb][vc_column column_padding=\u00bbno-extra-padding\u00bb column_padding_tablet=\u00bbinherit\u00bb column_padding_phone=\u00bbinherit\u00bb column_padding_position=\u00bball\u00bb column_element_direction_desktop=\u00bbdefault\u00bb column_element_spacing=\u00bbdefault\u00bb centered_text=\u00bbtrue\u00bb desktop_text_alignment=\u00bbdefault\u00bb tablet_text_alignment=\u00bbdefault\u00bb phone_text_alignment=\u00bbdefault\u00bb background_color_opacity=\u00bb1&#8243; background_hover_color_opacity=\u00bb1&#8243; column_backdrop_filter=\u00bbnone\u00bb column_shadow=\u00bbnone\u00bb column_border_radius=\u00bbnone\u00bb column_link_target=\u00bb_self\u00bb column_position=\u00bbdefault\u00bb gradient_direction=\u00bbleft_to_right\u00bb overlay_strength=\u00bb0.3&#8243; width=\u00bb1\/1&#8243; tablet_width_inherit=\u00bbdefault\u00bb animation_type=\u00bbdefault\u00bb bg_image_animation=\u00bbnone\u00bb border_type=\u00bbsimple\u00bb column_border_width=\u00bbnone\u00bb column_border_style=\u00bbsolid\u00bb][vc_column_text css=\u00bb.vc_custom_1753280139586{margin-bottom: 0px !important;}\u00bb text_direction=\u00bbdefault\u00bb max_width=\u00bb800&#8243;]\n<\/p>\n<p><\/p>\n<h3><span style=\"color: #348073; letter-spacing: .2em; font-weight: 400;\">RESERVE AHORA<\/span><\/h3>\n<p><\/p>\n<p>\n[\/vc_column_text][vc_raw_html css=\u00bb.vc_custom_1753279794663{margin-top: 20px !important;}\u00bb el_class=\u00bbembed-content-box\u00bb]PHNjcmlwdCBzcmM9Imh0dHBzOi8vd3d3LmZvdXJ2ZW51ZXMuY29tL2Fzc2V0cy9pZnJhbWUvbWlrYXNhLWJvdXRpcXVlLWhvdGVsL2V2ZW50cy9zYW50LWNpcmlhYy0tLWRpbm5lci0tZmlyZXdvcmtzLTA4LTA4LTIwMjUtS0FaVC90aWNrZXRzL2xtZDh0a3QzZzA0Z3AwMTlxNnMxcjY1ZjE0TjBCbFV3Ij48L3NjcmlwdD4=[\/vc_raw_html][\/vc_column][\/vc_row]\n","protected":false},"excerpt":{"rendered":"<p>[vc_row type=\u00bbfull_width_background\u00bb full_screen_row_position=\u00bbmiddle\u00bb column_margin=\u00bbdefault\u00bb column_direction=\u00bbdefault\u00bb column_direction_tablet=\u00bbdefault\u00bb column_direction_phone=\u00bbdefault\u00bb bg_color=\u00bb#000000&#8243; bg_image=\u00bb5345&#8243; bg_position=\u00bbcenter center\u00bb background_image_loading=\u00bblazy-load\u00bb bg_repeat=\u00bbno-repeat\u00bb scene_position=\u00bbcenter\u00bb top_padding=\u00bb160&#8243; bottom_padding=\u00bb160&#8243; bottom_margin=\u00bb40&#8243; text_color=\u00bbdark\u00bb text_align=\u00bbleft\u00bb row_border_radius=\u00bbnone\u00bb row_border_radius_applies=\u00bbbg\u00bb overflow=\u00bbvisible\u00bb overlay_strength=\u00bb0.3&#8243; gradient_direction=\u00bbleft_to_right\u00bb shape_divider_position=\u00bbbottom\u00bb bg_image_animation=\u00bbnone\u00bb parallax_bg=\u00bbtrue\u00bb parallax_bg_speed=\u00bbfast\u00bb shape_type=\u00bb\u00bb gradient_type=\u00bbdefault\u00bb][vc_column&#8230;<\/p>\n","protected":false},"author":4,"featured_media":0,"parent":0,"menu_order":0,"comment_status":"closed","ping_status":"closed","template":"template-no-header.php","meta":{"_monsterinsights_skip_tracking":false,"_monsterinsights_sitenote_active":false,"_monsterinsights_sitenote_note":"","_monsterinsights_sitenote_category":0,"_joinchat":[],"footnotes":""},"class_list":["post-5351","page","type-page","status-publish"],"yoast_head":"<!-- This site is optimized with the Yoast SEO plugin v25.5 - https:\/\/yoast.com\/wordpress\/plugins\/seo\/ -->\n<title>Sant Ciriac, 8 de agosto - Mikasa Ibiza<\/title>\n<meta name=\"description\" content=\"Celebra Sant Ciriac, patr\u00f3n de Ibiza, desde la azotea del Mikasa Boutique Hotel con cena, bebidas y una sesi\u00f3n de m\u00fasica balear en directo.\" \/>\n<meta name=\"robots\" content=\"index, follow, max-snippet:-1, max-image-preview:large, max-video-preview:-1\" \/>\n<link rel=\"canonical\" href=\"https:\/\/www.mikasaibiza.com\/sant-ciriac-8th-august\/\" \/>\n<meta property=\"og:locale\" content=\"es_ES\" \/>\n<meta property=\"og:type\" content=\"article\" \/>\n<meta property=\"og:title\" content=\"Sant Ciriac, 8 de agosto - Mikasa Ibiza\" \/>\n<meta property=\"og:description\" content=\"Celebra Sant Ciriac, patr\u00f3n de Ibiza, desde la azotea del Mikasa Boutique Hotel con cena, bebidas y una sesi\u00f3n de m\u00fasica balear en directo.\" \/>\n<meta property=\"og:url\" content=\"https:\/\/www.mikasaibiza.com\/sant-ciriac-8th-august\/\" \/>\n<meta property=\"og:site_name\" content=\"Mikasa Ibiza\" \/>\n<meta property=\"article:publisher\" content=\"https:\/\/www.facebook.com\/MiKasa-Ibiza-Boutique-Hotel-574954372884624\" \/>\n<meta property=\"article:modified_time\" content=\"2025-07-29T16:35:20+00:00\" \/>\n<meta name=\"twitter:card\" content=\"summary_large_image\" \/>\n<meta name=\"twitter:label1\" content=\"Tiempo de lectura\" \/>\n\t<meta name=\"twitter:data1\" content=\"4 minutos\" \/>\n<script type=\"application\/ld+json\" class=\"yoast-schema-graph\">{\"@context\":\"https:\/\/schema.org\",\"@graph\":[{\"@type\":\"WebPage\",\"@id\":\"https:\/\/www.mikasaibiza.com\/sant-ciriac-8th-august\/\",\"url\":\"https:\/\/www.mikasaibiza.com\/sant-ciriac-8th-august\/\",\"name\":\"Sant Ciriac, 8 de agosto - Mikasa Ibiza\",\"isPartOf\":{\"@id\":\"https:\/\/www.mikasaibiza.com\/#website\"},\"datePublished\":\"2025-07-23T14:52:34+00:00\",\"dateModified\":\"2025-07-29T16:35:20+00:00\",\"description\":\"Celebra Sant Ciriac, patr\u00f3n de Ibiza, desde la azotea del Mikasa Boutique Hotel con cena, bebidas y una sesi\u00f3n de m\u00fasica balear en directo.\",\"breadcrumb\":{\"@id\":\"https:\/\/www.mikasaibiza.com\/sant-ciriac-8th-august\/#breadcrumb\"},\"inLanguage\":\"es\",\"potentialAction\":[{\"@type\":\"ReadAction\",\"target\":[\"https:\/\/www.mikasaibiza.com\/sant-ciriac-8th-august\/\"]}]},{\"@type\":\"BreadcrumbList\",\"@id\":\"https:\/\/www.mikasaibiza.com\/sant-ciriac-8th-august\/#breadcrumb\",\"itemListElement\":[{\"@type\":\"ListItem\",\"position\":1,\"name\":\"Portada\",\"item\":\"https:\/\/www.mikasaibiza.com\/\"},{\"@type\":\"ListItem\",\"position\":2,\"name\":\"Sant Ciriac, 8 de agosto\"}]},{\"@type\":\"WebSite\",\"@id\":\"https:\/\/www.mikasaibiza.com\/#website\",\"url\":\"https:\/\/www.mikasaibiza.com\/\",\"name\":\"Mikasa Ibiza\",\"description\":\"\",\"publisher\":{\"@id\":\"https:\/\/www.mikasaibiza.com\/#organization\"},\"potentialAction\":[{\"@type\":\"SearchAction\",\"target\":{\"@type\":\"EntryPoint\",\"urlTemplate\":\"https:\/\/www.mikasaibiza.com\/?s={search_term_string}\"},\"query-input\":{\"@type\":\"PropertyValueSpecification\",\"valueRequired\":true,\"valueName\":\"search_term_string\"}}],\"inLanguage\":\"es\"},{\"@type\":\"Organization\",\"@id\":\"https:\/\/www.mikasaibiza.com\/#organization\",\"name\":\"Mikasa Ibiza\",\"url\":\"https:\/\/www.mikasaibiza.com\/\",\"logo\":{\"@type\":\"ImageObject\",\"inLanguage\":\"es\",\"@id\":\"https:\/\/www.mikasaibiza.com\/#\/schema\/logo\/image\/\",\"url\":\"https:\/\/www.mikasaibiza.com\/wp-content\/uploads\/2022\/03\/logo-verde-vertical.png\",\"contentUrl\":\"https:\/\/www.mikasaibiza.com\/wp-content\/uploads\/2022\/03\/logo-verde-vertical.png\",\"width\":328,\"height\":377,\"caption\":\"Mikasa Ibiza\"},\"image\":{\"@id\":\"https:\/\/www.mikasaibiza.com\/#\/schema\/logo\/image\/\"},\"sameAs\":[\"https:\/\/www.facebook.com\/MiKasa-Ibiza-Boutique-Hotel-574954372884624\",\"https:\/\/www.instagram.com\/mikasaibiza\/\"]}]}<\/script>\n<!-- \/ Yoast SEO plugin. -->","yoast_head_json":{"title":"Sant Ciriac, 8 de agosto - Mikasa Ibiza","description":"Celebra Sant Ciriac, patr\u00f3n de Ibiza, desde la azotea del Mikasa Boutique Hotel con cena, bebidas y una sesi\u00f3n de m\u00fasica balear en directo.","robots":{"index":"index","follow":"follow","max-snippet":"max-snippet:-1","max-image-preview":"max-image-preview:large","max-video-preview":"max-video-preview:-1"},"canonical":"https:\/\/www.mikasaibiza.com\/sant-ciriac-8th-august\/","og_locale":"es_ES","og_type":"article","og_title":"Sant Ciriac, 8 de agosto - Mikasa Ibiza","og_description":"Celebra Sant Ciriac, patr\u00f3n de Ibiza, desde la azotea del Mikasa Boutique Hotel con cena, bebidas y una sesi\u00f3n de m\u00fasica balear en directo.","og_url":"https:\/\/www.mikasaibiza.com\/sant-ciriac-8th-august\/","og_site_name":"Mikasa Ibiza","article_publisher":"https:\/\/www.facebook.com\/MiKasa-Ibiza-Boutique-Hotel-574954372884624","article_modified_time":"2025-07-29T16:35:20+00:00","twitter_card":"summary_large_image","twitter_misc":{"Tiempo de lectura":"4 minutos"},"schema":{"@context":"https:\/\/schema.org","@graph":[{"@type":"WebPage","@id":"https:\/\/www.mikasaibiza.com\/sant-ciriac-8th-august\/","url":"https:\/\/www.mikasaibiza.com\/sant-ciriac-8th-august\/","name":"Sant Ciriac, 8 de agosto - Mikasa Ibiza","isPartOf":{"@id":"https:\/\/www.mikasaibiza.com\/#website"},"datePublished":"2025-07-23T14:52:34+00:00","dateModified":"2025-07-29T16:35:20+00:00","description":"Celebra Sant Ciriac, patr\u00f3n de Ibiza, desde la azotea del Mikasa Boutique Hotel con cena, bebidas y una sesi\u00f3n de m\u00fasica balear en directo.","breadcrumb":{"@id":"https:\/\/www.mikasaibiza.com\/sant-ciriac-8th-august\/#breadcrumb"},"inLanguage":"es","potentialAction":[{"@type":"ReadAction","target":["https:\/\/www.mikasaibiza.com\/sant-ciriac-8th-august\/"]}]},{"@type":"BreadcrumbList","@id":"https:\/\/www.mikasaibiza.com\/sant-ciriac-8th-august\/#breadcrumb","itemListElement":[{"@type":"ListItem","position":1,"name":"Portada","item":"https:\/\/www.mikasaibiza.com\/"},{"@type":"ListItem","position":2,"name":"Sant Ciriac, 8 de agosto"}]},{"@type":"WebSite","@id":"https:\/\/www.mikasaibiza.com\/#website","url":"https:\/\/www.mikasaibiza.com\/","name":"Mikasa Ibiza","description":"","publisher":{"@id":"https:\/\/www.mikasaibiza.com\/#organization"},"potentialAction":[{"@type":"SearchAction","target":{"@type":"EntryPoint","urlTemplate":"https:\/\/www.mikasaibiza.com\/?s={search_term_string}"},"query-input":{"@type":"PropertyValueSpecification","valueRequired":true,"valueName":"search_term_string"}}],"inLanguage":"es"},{"@type":"Organization","@id":"https:\/\/www.mikasaibiza.com\/#organization","name":"Mikasa Ibiza","url":"https:\/\/www.mikasaibiza.com\/","logo":{"@type":"ImageObject","inLanguage":"es","@id":"https:\/\/www.mikasaibiza.com\/#\/schema\/logo\/image\/","url":"https:\/\/www.mikasaibiza.com\/wp-content\/uploads\/2022\/03\/logo-verde-vertical.png","contentUrl":"https:\/\/www.mikasaibiza.com\/wp-content\/uploads\/2022\/03\/logo-verde-vertical.png","width":328,"height":377,"caption":"Mikasa Ibiza"},"image":{"@id":"https:\/\/www.mikasaibiza.com\/#\/schema\/logo\/image\/"},"sameAs":["https:\/\/www.facebook.com\/MiKasa-Ibiza-Boutique-Hotel-574954372884624","https:\/\/www.instagram.com\/mikasaibiza\/"]}]}},"_links":{"self":[{"href":"https:\/\/www.mikasaibiza.com\/es\/wp-json\/wp\/v2\/pages\/5351","targetHints":{"allow":["GET"]}}],"collection":[{"href":"https:\/\/www.mikasaibiza.com\/es\/wp-json\/wp\/v2\/pages"}],"about":[{"href":"https:\/\/www.mikasaibiza.com\/es\/wp-json\/wp\/v2\/types\/page"}],"author":[{"embeddable":true,"href":"https:\/\/www.mikasaibiza.com\/es\/wp-json\/wp\/v2\/users\/4"}],"replies":[{"embeddable":true,"href":"https:\/\/www.mikasaibiza.com\/es\/wp-json\/wp\/v2\/comments?post=5351"}],"version-history":[{"count":9,"href":"https:\/\/www.mikasaibiza.com\/es\/wp-json\/wp\/v2\/pages\/5351\/revisions"}],"predecessor-version":[{"id":5378,"href":"https:\/\/www.mikasaibiza.com\/es\/wp-json\/wp\/v2\/pages\/5351\/revisions\/5378"}],"wp:attachment":[{"href":"https:\/\/www.mikasaibiza.com\/es\/wp-json\/wp\/v2\/media?parent=5351"}],"curies":[{"name":"wp","href":"https:\/\/api.w.org\/{rel}","templated":true}]}}