{"id":5038,"date":"2025-04-22T13:55:27","date_gmt":"2025-04-22T13:55:27","guid":{"rendered":"https:\/\/www.mikasaibiza.com\/home-2\/"},"modified":"2025-05-14T16:32:19","modified_gmt":"2025-05-14T16:32:19","slug":"home-2","status":"publish","type":"page","link":"https:\/\/www.mikasaibiza.com\/es\/","title":{"rendered":"Home"},"content":{"rendered":"[vc_row type=\u00bbfull_width_background\u00bb full_screen_row_position=\u00bbmiddle\u00bb full_height=\u00bbyes\u00bb scene_position=\u00bbcenter\u00bb video_bg=\u00bbuse_video\u00bb video_mute=\u00bbtrue\u00bb video_mp4=\u00bbhttps:\/\/player.vimeo.com\/progressive_redirect\/download\/736457066\/rendition\/1080p\/mikasa_2022%20%281080p%29.mp4?loc=external&amp;signature=fe7703a6ce4746de8a8bcb3814b1770bbaa6be3b0e0a545b16706304158273f1&#8243; text_color=\u00bbdark\u00bb text_align=\u00bbcenter\u00bb bottom_padding=\u00bb30&#8243; class=\u00bbhide-mobile\u00bb overlay_strength=\u00bb0.3&#8243; shape_divider_position=\u00bbbottom\u00bb shape_type=\u00bb\u00bb][vc_column centered_text=\u00bbtrue\u00bb column_padding=\u00bbno-extra-padding\u00bb column_padding_position=\u00bball\u00bb background_color_opacity=\u00bb1&#8243; background_hover_color_opacity=\u00bb1&#8243; column_shadow=\u00bbnone\u00bb column_border_radius=\u00bbnone\u00bb width=\u00bb1\/1&#8243; tablet_text_alignment=\u00bbdefault\u00bb phone_text_alignment=\u00bbdefault\u00bb column_border_width=\u00bbnone\u00bb column_border_style=\u00bbsolid\u00bb offset=\u00bbvc_col-lg-offset-12 vc_col-md-offset-12 vc_col-sm-offset-12 vc_col-xs-offset-12&#8243;][vc_raw_html][\/vc_raw_html][\/vc_column][vc_column column_padding=\u00bbno-extra-padding\u00bb column_padding_position=\u00bbbottom\u00bb background_color_opacity=\u00bb1&#8243; background_hover_color_opacity=\u00bb1&#8243; column_shadow=\u00bbnone\u00bb column_border_radius=\u00bbnone\u00bb width=\u00bb1\/1&#8243; tablet_text_alignment=\u00bbdefault\u00bb phone_text_alignment=\u00bbdefault\u00bb column_border_width=\u00bbnone\u00bb column_border_style=\u00bbsolid\u00bb offset=\u00bbvc_hidden-lg vc_hidden-md vc_col-sm-offset-0&#8243;][\/vc_column][\/vc_row][vc_row type=\u00bbfull_width_content\u00bb full_screen_row_position=\u00bbmiddle\u00bb scene_position=\u00bbcenter\u00bb text_color=\u00bbdark\u00bb text_align=\u00bbleft\u00bb class=\u00bbshow-mobile\u00bb overlay_strength=\u00bb0.3&#8243; shape_divider_position=\u00bbbottom\u00bb shape_type=\u00bb\u00bb][vc_column column_padding=\u00bbno-extra-padding\u00bb column_padding_position=\u00bball\u00bb background_color_opacity=\u00bb1&#8243; background_hover_color_opacity=\u00bb1&#8243; column_shadow=\u00bbnone\u00bb column_border_radius=\u00bbnone\u00bb width=\u00bb1\/1&#8243; tablet_text_alignment=\u00bbdefault\u00bb phone_text_alignment=\u00bbdefault\u00bb column_border_width=\u00bbnone\u00bb column_border_style=\u00bbsolid\u00bb][vc_video link=\u00bbhttps:\/\/player.vimeo.com\/video\/736457066?h=9ba75697f2&amp;autoplay=1&amp;loop=1&amp;title=0&amp;byline=0&amp;portrait=0&#8243; align=\u00bbcenter\u00bb][\/vc_column][\/vc_row][vc_row type=\u00bbin_container\u00bb full_screen_row_position=\u00bbmiddle\u00bb scene_position=\u00bbcenter\u00bb text_color=\u00bbdark\u00bb text_align=\u00bbleft\u00bb top_padding=\u00bb120&#8243; class=\u00bbpfilaslide\u00bb overlay_strength=\u00bb0.3&#8243; shape_divider_position=\u00bbbottom\u00bb shape_type=\u00bb\u00bb][vc_column enable_animation=\u00bbtrue\u00bb animation=\u00bbfade-in\u00bb centered_text=\u00bbtrue\u00bb column_padding=\u00bbno-extra-padding\u00bb column_padding_position=\u00bball\u00bb background_color_opacity=\u00bb1&#8243; background_hover_color_opacity=\u00bb1&#8243; column_shadow=\u00bbnone\u00bb column_border_radius=\u00bbnone\u00bb width=\u00bb1\/1&#8243; tablet_text_alignment=\u00bbdefault\u00bb phone_text_alignment=\u00bbdefault\u00bb column_border_width=\u00bbnone\u00bb column_border_style=\u00bbsolid\u00bb delay=\u00bb150&#8243;][vc_column_text css_animation=\u00bbfadeIn\u00bb max_width=\u00bb1200&#8243;]\n<h2 style=\"text-align: center;\">La ubicaci\u00f3n ideal para so\u00f1ar despierto.<\/h2>\n<p style=\"text-align: center;\">Una extraordinaria escapada entre las blancas playas del Mediterr\u00e1neo y el romanticismo hist\u00f3rico del casco antiguo.<\/p>\n<p style=\"text-align: center;\">Situado en el coraz\u00f3n del famoso puerto deportivo de Ibiza, Marina Botafoch, la ubicaci\u00f3n del Mikasa es \u00fanica en la isla. A s\u00f3lo unos pasos de las animadas boutiques del puerto, elegantes restaurantes y legendarios clubes como Chinois y Pacha, este refugio singular es una joya de la corona de la isla.<\/p>\n<p style=\"text-align: center;\">Al sur, el hotel goza de unas vistas de primera clase sobre el Mediterr\u00e1neo hasta Dalt Vila, el casco antiguo de Ibiza protegido por la UNESCO. Al norte, Mikasa est\u00e1 a dos minutos a pie de las blancas arenas de la bah\u00eda de Talamanca, con sus tradicionales restaurantes de marisco, su paseo mar\u00edtimo y sus escarpados acantilados.<\/p>\n<p style=\"text-align: center;\">Desde \u00e9picos amaneceres sobre el agua hasta po\u00e9ticas puestas de sol sobre las murallas del castillo fortificado, Mikasa es un refugio boutique hol\u00edstico como ning\u00fan otro.<\/p>\n[\/vc_column_text][\/vc_column][vc_column column_padding=\u00bbno-extra-padding\u00bb column_padding_position=\u00bball\u00bb background_color_opacity=\u00bb1&#8243; background_hover_color_opacity=\u00bb1&#8243; column_shadow=\u00bbnone\u00bb column_border_radius=\u00bbnone\u00bb width=\u00bb1\/1&#8243; tablet_text_alignment=\u00bbdefault\u00bb phone_text_alignment=\u00bbdefault\u00bb column_border_width=\u00bbnone\u00bb column_border_style=\u00bbsolid\u00bb][\/vc_column][\/vc_row][vc_row type=\u00bbfull_width_background\u00bb full_screen_row_position=\u00bbmiddle\u00bb scene_position=\u00bbcenter\u00bb text_color=\u00bbdark\u00bb text_align=\u00bbleft\u00bb id=\u00bbbslidehome\u00bb overlay_strength=\u00bb0.3&#8243; shape_divider_position=\u00bbbottom\u00bb shape_type=\u00bb\u00bb][vc_column centered_text=\u00bbtrue\u00bb column_padding=\u00bbno-extra-padding\u00bb column_padding_position=\u00bball\u00bb background_color_opacity=\u00bb1&#8243; background_hover_color_opacity=\u00bb1&#8243; column_shadow=\u00bbnone\u00bb column_border_radius=\u00bbnone\u00bb width=\u00bb1\/1&#8243; tablet_text_alignment=\u00bbdefault\u00bb phone_text_alignment=\u00bbdefault\u00bb column_border_width=\u00bbnone\u00bb column_border_style=\u00bbsolid\u00bb][carousel script=\u00bbflickity\u00bb flickity_formatting=\u00bbdefault\u00bb desktop_cols_flickity=\u00bb1&#8243; desktop_small_cols_flickity=\u00bb1&#8243; tablet_cols_flickity=\u00bb1&#8243; column_padding=\u00bb0&#8243; border_radius=\u00bbnone\u00bb][item id=\u00bb1658142118-1-88&#8243; tab_id=\u00bb1658142189207-9&#8243; title=\u00bbItem\u00bb][image_with_animation image_url=\u00bb3750&#8243; alignment=\u00bbcenter\u00bb animation=\u00bbFade In\u00bb border_radius=\u00bbnone\u00bb box_shadow=\u00bbnone\u00bb max_width=\u00bb100%\u00bb][\/item][item id=\u00bb1658142118-2-3&#8243; tab_id=\u00bb1658142189284-4&#8243; title=\u00bbItem\u00bb][image_with_animation image_url=\u00bb3752&#8243; alignment=\u00bbcenter\u00bb animation=\u00bbFade In\u00bb border_radius=\u00bbnone\u00bb box_shadow=\u00bbnone\u00bb max_width=\u00bb100%\u00bb][\/item][item id=\u00bb1658142118-3-16&#8243; tab_id=\u00bb1658142189373-7&#8243; title=\u00bbItem\u00bb][image_with_animation image_url=\u00bb3754&#8243; alignment=\u00bbcenter\u00bb animation=\u00bbFade In\u00bb border_radius=\u00bbnone\u00bb box_shadow=\u00bbnone\u00bb max_width=\u00bb100%\u00bb][\/item][\/carousel][\/vc_column][\/vc_row][vc_row type=\u00bbin_container\u00bb full_screen_row_position=\u00bbmiddle\u00bb scene_position=\u00bbcenter\u00bb text_color=\u00bbdark\u00bb text_align=\u00bbleft\u00bb top_padding=\u00bb4%\u00bb id=\u00bbhrooms\u00bb overlay_strength=\u00bb0.3&#8243; shape_divider_position=\u00bbbottom\u00bb shape_type=\u00bb\u00bb][vc_column column_padding=\u00bbno-extra-padding\u00bb column_padding_position=\u00bball\u00bb background_color_opacity=\u00bb1&#8243; background_hover_color_opacity=\u00bb1&#8243; column_shadow=\u00bbnone\u00bb column_border_radius=\u00bbnone\u00bb width=\u00bb1\/3&#8243; tablet_text_alignment=\u00bbdefault\u00bb phone_text_alignment=\u00bbdefault\u00bb column_border_width=\u00bbnone\u00bb column_border_style=\u00bbsolid\u00bb][vc_custom_heading text=\u00bbHabitaciones\u00bb font_container=\u00bbtag:h2|text_align:right\u00bb][\/vc_column][vc_column column_padding=\u00bbno-extra-padding\u00bb column_padding_position=\u00bball\u00bb background_color_opacity=\u00bb1&#8243; background_hover_color_opacity=\u00bb1&#8243; column_shadow=\u00bbnone\u00bb column_border_radius=\u00bbnone\u00bb width=\u00bb2\/3&#8243; tablet_text_alignment=\u00bbdefault\u00bb phone_text_alignment=\u00bbdefault\u00bb column_border_width=\u00bbnone\u00bb column_border_style=\u00bbsolid\u00bb][vc_column_text max_width=\u00bb750&#8243; css=\u00bb.vc_custom_1736252201408{padding-top: 20px !important;padding-left: 20px !important;}\u00bb]Cada una de las diecis\u00e9is habitaciones de Mikasa tiene un tema diferente y un car\u00e1cter \u00fanico, inspirado por las cuatro estaciones y doce lunas diferentes. Podr\u00eda ser atra\u00eddo instintivamente por una luna en particular o puede que prefiera una habitaci\u00f3n que potencia el ambiente deseado.[\/vc_column_text][\/vc_column][\/vc_row][vc_row type=\u00bbin_container\u00bb full_screen_row_position=\u00bbmiddle\u00bb scene_position=\u00bbcenter\u00bb text_color=\u00bbdark\u00bb text_align=\u00bbleft\u00bb overlay_strength=\u00bb0.3&#8243; shape_divider_position=\u00bbbottom\u00bb shape_type=\u00bb\u00bb][vc_column centered_text=\u00bbtrue\u00bb column_padding=\u00bbno-extra-padding\u00bb column_padding_position=\u00bball\u00bb background_color_opacity=\u00bb1&#8243; background_hover_color_opacity=\u00bb1&#8243; column_shadow=\u00bbnone\u00bb column_border_radius=\u00bbnone\u00bb width=\u00bb1\/1&#8243; tablet_text_alignment=\u00bbdefault\u00bb phone_text_alignment=\u00bbdefault\u00bb column_border_width=\u00bbnone\u00bb column_border_style=\u00bbsolid\u00bb][nectar_btn size=\u00bblarge\u00bb button_style=\u00bbregular\u00bb button_color_2=\u00bbAccent-Color\u00bb icon_family=\u00bbnone\u00bb el_class=\u00bbbook_now\u00bb url=\u00bbhttps:\/\/www.mikasaibiza.com\/rooms\/\u00bb text=\u00bbVER TODAS\u00bb][\/vc_column][\/vc_row][vc_row type=\u00bbfull_width_content\u00bb full_screen_row_position=\u00bbmiddle\u00bb scene_position=\u00bbcenter\u00bb text_color=\u00bbdark\u00bb text_align=\u00bbleft\u00bb top_padding=\u00bb100&#8243; id=\u00bbbinsta\u00bb overlay_strength=\u00bb0.3&#8243; shape_divider_position=\u00bbbottom\u00bb shape_type=\u00bb\u00bb][vc_column column_padding=\u00bbpadding-5-percent\u00bb column_padding_position=\u00bbleft-right\u00bb background_color_opacity=\u00bb1&#8243; background_hover_color_opacity=\u00bb1&#8243; column_shadow=\u00bbnone\u00bb column_border_radius=\u00bbnone\u00bb bottom_margin=\u00bb5%\u00bb width=\u00bb1\/1&#8243; tablet_text_alignment=\u00bbdefault\u00bb phone_text_alignment=\u00bbdefault\u00bb column_border_width=\u00bbnone\u00bb column_border_style=\u00bbsolid\u00bb][vc_column_text css=\u00bb.vc_custom_1736254527075{padding-bottom: 30px !important;}\u00bb]\n<h2 style=\"text-align: center;\">S\u00edguenos en Instagram<\/h2>\n[\/vc_column_text][vc_raw_html]PHNjcmlwdCBzcmM9Imh0dHBzOi8vYXBwcy5lbGZzaWdodC5jb20vcC9wbGF0Zm9ybS5qcyIgZGVmZXI+PC9zY3JpcHQ+DQo8ZGl2IGNsYXNzPSJlbGZzaWdodC1hcHAtZjI5YzcyZTQtYzBhOS00ZDVhLTgxMTktYTczNjIwZDE0NzZiIj48L2Rpdj4=[\/vc_raw_html][\/vc_column][\/vc_row]\n","protected":false},"excerpt":{"rendered":"<p>[vc_row type=\u00bbfull_width_background\u00bb full_screen_row_position=\u00bbmiddle\u00bb full_height=\u00bbyes\u00bb scene_position=\u00bbcenter\u00bb video_bg=\u00bbuse_video\u00bb video_mute=\u00bbtrue\u00bb video_mp4=\u00bbhttps:\/\/player.vimeo.com\/progressive_redirect\/download\/736457066\/rendition\/1080p\/mikasa_2022%20%281080p%29.mp4?loc=external&amp;signature=fe7703a6ce4746de8a8bcb3814b1770bbaa6be3b0e0a545b16706304158273f1&#8243; text_color=\u00bbdark\u00bb text_align=\u00bbcenter\u00bb bottom_padding=\u00bb30&#8243; class=\u00bbhide-mobile\u00bb overlay_strength=\u00bb0.3&#8243; shape_divider_position=\u00bbbottom\u00bb shape_type=\u00bb\u00bb][vc_column centered_text=\u00bbtrue\u00bb column_padding=\u00bbno-extra-padding\u00bb column_padding_position=\u00bball\u00bb background_color_opacity=\u00bb1&#8243; background_hover_color_opacity=\u00bb1&#8243; column_shadow=\u00bbnone\u00bb column_border_radius=\u00bbnone\u00bb width=\u00bb1\/1&#8243; tablet_text_alignment=\u00bbdefault\u00bb phone_text_alignment=\u00bbdefault\u00bb column_border_width=\u00bbnone\u00bb column_border_style=\u00bbsolid\u00bb offset=\u00bbvc_col-lg-offset-12 vc_col-md-offset-12 vc_col-sm-offset-12&#8230;<\/p>\n","protected":false},"author":3,"featured_media":0,"parent":0,"menu_order":0,"comment_status":"closed","ping_status":"closed","template":"","meta":{"_monsterinsights_skip_tracking":false,"_monsterinsights_sitenote_active":false,"_monsterinsights_sitenote_note":"","_monsterinsights_sitenote_category":0,"_joinchat":[],"footnotes":""},"class_list":["post-5038","page","type-page","status-publish"],"yoast_head":"<!-- This site is optimized with the Yoast SEO plugin v27.4 - https:\/\/yoast.com\/product\/yoast-seo-wordpress\/ -->\n<title>Mikasa Ibiza Boutique Hotel<\/title>\n<meta name=\"description\" content=\"Descubra MIkasa Boutique Hotel, un lugar en Ibiza como ning\u00fan otro. Una escapada extraordinaria entre playas de arena blanca y el casco antiguo.\" \/>\n<meta name=\"robots\" content=\"index, follow, max-snippet:-1, max-image-preview:large, max-video-preview:-1\" \/>\n<link rel=\"canonical\" href=\"https:\/\/www.mikasaibiza.com\/\" \/>\n<meta property=\"og:locale\" content=\"es_ES\" \/>\n<meta property=\"og:type\" content=\"article\" \/>\n<meta property=\"og:title\" content=\"Mikasa Ibiza Boutique Hotel\" \/>\n<meta property=\"og:description\" content=\"Descubra MIkasa Boutique Hotel, un lugar en Ibiza como ning\u00fan otro. Una escapada extraordinaria entre playas de arena blanca y el casco antiguo.\" \/>\n<meta property=\"og:url\" content=\"https:\/\/www.mikasaibiza.com\/\" \/>\n<meta property=\"og:site_name\" content=\"Mikasa Ibiza\" \/>\n<meta property=\"article:publisher\" content=\"https:\/\/www.facebook.com\/MiKasa-Ibiza-Boutique-Hotel-574954372884624\" \/>\n<meta property=\"article:modified_time\" content=\"2025-05-14T16:32:19+00:00\" \/>\n<meta name=\"twitter:card\" content=\"summary_large_image\" \/>\n<meta name=\"twitter:label1\" content=\"Tiempo de lectura\" \/>\n\t<meta name=\"twitter:data1\" content=\"3 minutos\" \/>\n<script type=\"application\/ld+json\" class=\"yoast-schema-graph\">{\"@context\":\"https:\\\/\\\/schema.org\",\"@graph\":[{\"@type\":\"WebPage\",\"@id\":\"https:\\\/\\\/www.mikasaibiza.com\\\/\",\"url\":\"https:\\\/\\\/www.mikasaibiza.com\\\/\",\"name\":\"Mikasa Ibiza Boutique Hotel\",\"isPartOf\":{\"@id\":\"https:\\\/\\\/www.mikasaibiza.com\\\/#website\"},\"datePublished\":\"2025-04-22T13:55:27+00:00\",\"dateModified\":\"2025-05-14T16:32:19+00:00\",\"description\":\"Descubra MIkasa Boutique Hotel, un lugar en Ibiza como ning\u00fan otro. Una escapada extraordinaria entre playas de arena blanca y el casco antiguo.\",\"breadcrumb\":{\"@id\":\"https:\\\/\\\/www.mikasaibiza.com\\\/#breadcrumb\"},\"inLanguage\":\"es\",\"potentialAction\":[{\"@type\":\"ReadAction\",\"target\":[\"https:\\\/\\\/www.mikasaibiza.com\\\/\"]}]},{\"@type\":\"BreadcrumbList\",\"@id\":\"https:\\\/\\\/www.mikasaibiza.com\\\/#breadcrumb\",\"itemListElement\":[{\"@type\":\"ListItem\",\"position\":1,\"name\":\"Portada\",\"item\":\"https:\\\/\\\/www.mikasaibiza.com\\\/\"},{\"@type\":\"ListItem\",\"position\":2,\"name\":\"Home\"}]},{\"@type\":\"WebSite\",\"@id\":\"https:\\\/\\\/www.mikasaibiza.com\\\/#website\",\"url\":\"https:\\\/\\\/www.mikasaibiza.com\\\/\",\"name\":\"Mikasa Ibiza\",\"description\":\"\",\"publisher\":{\"@id\":\"https:\\\/\\\/www.mikasaibiza.com\\\/#organization\"},\"potentialAction\":[{\"@type\":\"SearchAction\",\"target\":{\"@type\":\"EntryPoint\",\"urlTemplate\":\"https:\\\/\\\/www.mikasaibiza.com\\\/?s={search_term_string}\"},\"query-input\":{\"@type\":\"PropertyValueSpecification\",\"valueRequired\":true,\"valueName\":\"search_term_string\"}}],\"inLanguage\":\"es\"},{\"@type\":\"Organization\",\"@id\":\"https:\\\/\\\/www.mikasaibiza.com\\\/#organization\",\"name\":\"Mikasa Ibiza\",\"url\":\"https:\\\/\\\/www.mikasaibiza.com\\\/\",\"logo\":{\"@type\":\"ImageObject\",\"inLanguage\":\"es\",\"@id\":\"https:\\\/\\\/www.mikasaibiza.com\\\/#\\\/schema\\\/logo\\\/image\\\/\",\"url\":\"https:\\\/\\\/www.mikasaibiza.com\\\/wp-content\\\/uploads\\\/2022\\\/03\\\/logo-verde-vertical.png\",\"contentUrl\":\"https:\\\/\\\/www.mikasaibiza.com\\\/wp-content\\\/uploads\\\/2022\\\/03\\\/logo-verde-vertical.png\",\"width\":328,\"height\":377,\"caption\":\"Mikasa Ibiza\"},\"image\":{\"@id\":\"https:\\\/\\\/www.mikasaibiza.com\\\/#\\\/schema\\\/logo\\\/image\\\/\"},\"sameAs\":[\"https:\\\/\\\/www.facebook.com\\\/MiKasa-Ibiza-Boutique-Hotel-574954372884624\",\"https:\\\/\\\/www.instagram.com\\\/mikasaibiza\\\/\"]}]}<\/script>\n<!-- \/ Yoast SEO plugin. -->","yoast_head_json":{"title":"Mikasa Ibiza Boutique Hotel","description":"Descubra MIkasa Boutique Hotel, un lugar en Ibiza como ning\u00fan otro. Una escapada extraordinaria entre playas de arena blanca y el casco antiguo.","robots":{"index":"index","follow":"follow","max-snippet":"max-snippet:-1","max-image-preview":"max-image-preview:large","max-video-preview":"max-video-preview:-1"},"canonical":"https:\/\/www.mikasaibiza.com\/","og_locale":"es_ES","og_type":"article","og_title":"Mikasa Ibiza Boutique Hotel","og_description":"Descubra MIkasa Boutique Hotel, un lugar en Ibiza como ning\u00fan otro. Una escapada extraordinaria entre playas de arena blanca y el casco antiguo.","og_url":"https:\/\/www.mikasaibiza.com\/","og_site_name":"Mikasa Ibiza","article_publisher":"https:\/\/www.facebook.com\/MiKasa-Ibiza-Boutique-Hotel-574954372884624","article_modified_time":"2025-05-14T16:32:19+00:00","twitter_card":"summary_large_image","twitter_misc":{"Tiempo de lectura":"3 minutos"},"schema":{"@context":"https:\/\/schema.org","@graph":[{"@type":"WebPage","@id":"https:\/\/www.mikasaibiza.com\/","url":"https:\/\/www.mikasaibiza.com\/","name":"Mikasa Ibiza Boutique Hotel","isPartOf":{"@id":"https:\/\/www.mikasaibiza.com\/#website"},"datePublished":"2025-04-22T13:55:27+00:00","dateModified":"2025-05-14T16:32:19+00:00","description":"Descubra MIkasa Boutique Hotel, un lugar en Ibiza como ning\u00fan otro. Una escapada extraordinaria entre playas de arena blanca y el casco antiguo.","breadcrumb":{"@id":"https:\/\/www.mikasaibiza.com\/#breadcrumb"},"inLanguage":"es","potentialAction":[{"@type":"ReadAction","target":["https:\/\/www.mikasaibiza.com\/"]}]},{"@type":"BreadcrumbList","@id":"https:\/\/www.mikasaibiza.com\/#breadcrumb","itemListElement":[{"@type":"ListItem","position":1,"name":"Portada","item":"https:\/\/www.mikasaibiza.com\/"},{"@type":"ListItem","position":2,"name":"Home"}]},{"@type":"WebSite","@id":"https:\/\/www.mikasaibiza.com\/#website","url":"https:\/\/www.mikasaibiza.com\/","name":"Mikasa Ibiza","description":"","publisher":{"@id":"https:\/\/www.mikasaibiza.com\/#organization"},"potentialAction":[{"@type":"SearchAction","target":{"@type":"EntryPoint","urlTemplate":"https:\/\/www.mikasaibiza.com\/?s={search_term_string}"},"query-input":{"@type":"PropertyValueSpecification","valueRequired":true,"valueName":"search_term_string"}}],"inLanguage":"es"},{"@type":"Organization","@id":"https:\/\/www.mikasaibiza.com\/#organization","name":"Mikasa Ibiza","url":"https:\/\/www.mikasaibiza.com\/","logo":{"@type":"ImageObject","inLanguage":"es","@id":"https:\/\/www.mikasaibiza.com\/#\/schema\/logo\/image\/","url":"https:\/\/www.mikasaibiza.com\/wp-content\/uploads\/2022\/03\/logo-verde-vertical.png","contentUrl":"https:\/\/www.mikasaibiza.com\/wp-content\/uploads\/2022\/03\/logo-verde-vertical.png","width":328,"height":377,"caption":"Mikasa Ibiza"},"image":{"@id":"https:\/\/www.mikasaibiza.com\/#\/schema\/logo\/image\/"},"sameAs":["https:\/\/www.facebook.com\/MiKasa-Ibiza-Boutique-Hotel-574954372884624","https:\/\/www.instagram.com\/mikasaibiza\/"]}]}},"_links":{"self":[{"href":"https:\/\/www.mikasaibiza.com\/es\/wp-json\/wp\/v2\/pages\/5038","targetHints":{"allow":["GET"]}}],"collection":[{"href":"https:\/\/www.mikasaibiza.com\/es\/wp-json\/wp\/v2\/pages"}],"about":[{"href":"https:\/\/www.mikasaibiza.com\/es\/wp-json\/wp\/v2\/types\/page"}],"author":[{"embeddable":true,"href":"https:\/\/www.mikasaibiza.com\/es\/wp-json\/wp\/v2\/users\/3"}],"replies":[{"embeddable":true,"href":"https:\/\/www.mikasaibiza.com\/es\/wp-json\/wp\/v2\/comments?post=5038"}],"version-history":[{"count":11,"href":"https:\/\/www.mikasaibiza.com\/es\/wp-json\/wp\/v2\/pages\/5038\/revisions"}],"predecessor-version":[{"id":5143,"href":"https:\/\/www.mikasaibiza.com\/es\/wp-json\/wp\/v2\/pages\/5038\/revisions\/5143"}],"wp:attachment":[{"href":"https:\/\/www.mikasaibiza.com\/es\/wp-json\/wp\/v2\/media?parent=5038"}],"curies":[{"name":"wp","href":"https:\/\/api.w.org\/{rel}","templated":true}]}}