{"id":4864,"date":"2025-03-22T17:37:26","date_gmt":"2025-03-22T17:37:26","guid":{"rendered":"https:\/\/www.mikasaibiza.com\/desayuno-mikasa\/"},"modified":"2025-06-09T06:41:19","modified_gmt":"2025-06-09T06:41:19","slug":"desayuno-mikasa","status":"publish","type":"page","link":"https:\/\/www.mikasaibiza.com\/es\/desayuno-mikasa\/","title":{"rendered":"Desayuno Mikasa"},"content":{"rendered":"[vc_row type=\u00bbin_container\u00bb full_screen_row_position=\u00bbmiddle\u00bb scene_position=\u00bbcenter\u00bb text_color=\u00bbdark\u00bb text_align=\u00bbleft\u00bb top_padding=\u00bb300&#8243; bottom_padding=\u00bb20&#8243; overlay_strength=\u00bb0.3&#8243; shape_divider_position=\u00bbbottom\u00bb shape_type=\u00bb\u00bb][vc_column centered_text=\u00bbtrue\u00bb column_padding=\u00bbno-extra-padding\u00bb column_padding_position=\u00bball\u00bb background_color_opacity=\u00bb1&#8243; background_hover_color_opacity=\u00bb1&#8243; column_shadow=\u00bbnone\u00bb column_border_radius=\u00bbnone\u00bb width=\u00bb1\/1&#8243; tablet_text_alignment=\u00bbdefault\u00bb phone_text_alignment=\u00bbdefault\u00bb column_border_width=\u00bbnone\u00bb column_border_style=\u00bbsolid\u00bb][vc_column_text css=\u00bb.vc_custom_1749451274033{padding-bottom: 50px !important;}\u00bb max_width=\u00bb800&#8243;]\n<h1><b>Desayuno<\/b><\/h1>\n<p><span style=\"font-weight: 400;\">8:00 &#8211; 12:00<\/span><\/p>\n<p><span style=\"font-weight: 400;\">Empieza el d\u00eda de la forma m\u00e1s saludable en una jornada de sol y bienestar acompa\u00f1ada de nuestro desayuno vegano flexible, dise\u00f1ado para ofrecerte una experiencia deliciosa y completa. Si buscas opciones saludables, \u00a1en nuestro buffet encontrar\u00e1s todo lo que necesitas para una ma\u00f1ana llena de energ\u00eda!\u00a0<\/span><\/p>\n<p><span style=\"font-weight: 400;\">Ofrecemos una variedad de tostadas caseras, perfectas para aquellos que buscan una opci\u00f3n ligera y sabrosa. Si prefieres algo m\u00e1s reconfortante, nuestros huevos preparados al gusto son una opci\u00f3n m\u00e1s tradicional, siempre fusionando ingredientes frescos y de calidad.<\/span><\/p>\n<p><span style=\"font-weight: 400;\">Complete su desayuno con nuestros caf\u00e9s, zumos y batidos con una selecci\u00f3n de frutas frescas que le har\u00e1n empezar el d\u00eda de la mejor manera.<\/span><\/p>\n<p><span style=\"font-weight: 400;\">En nuestro hotel, la flexibilidad es clave, y nos aseguramos de que todos nuestros hu\u00e9spedes encuentren la opci\u00f3n perfecta para su desayuno, sin renunciar al sabor ni a la calidad. \u00a1Le esperamos para disfrutar de una ma\u00f1ana deliciosa y llena de opciones!<\/span>[\/vc_column_text][\/vc_column][\/vc_row][vc_row type=\u00bbin_container\u00bb full_screen_row_position=\u00bbmiddle\u00bb scene_position=\u00bbcenter\u00bb text_color=\u00bbdark\u00bb text_align=\u00bbleft\u00bb overlay_strength=\u00bb0.3&#8243; shape_divider_position=\u00bbbottom\u00bb][vc_column centered_text=\u00bbtrue\u00bb column_padding=\u00bbno-extra-padding\u00bb column_padding_position=\u00bball\u00bb background_color_opacity=\u00bb1&#8243; background_hover_color_opacity=\u00bb1&#8243; column_shadow=\u00bbnone\u00bb column_border_radius=\u00bbnone\u00bb width=\u00bb1\/1&#8243; tablet_text_alignment=\u00bbdefault\u00bb phone_text_alignment=\u00bbdefault\u00bb column_border_width=\u00bbnone\u00bb column_border_style=\u00bbsolid\u00bb][nectar_btn size=\u00bbmedium\u00bb open_new_tab=\u00bbtrue\u00bb button_style=\u00bbregular\u00bb button_color_2=\u00bbAccent-Color\u00bb icon_family=\u00bbnone\u00bb url=\u00bbhttps:\/\/www.mikasaibiza.com\/wp-content\/uploads\/2025\/04\/MI_01_Breakfast-Menu_A4_030425_34.pdf\u00bb text=\u00bbVer men\u00fa\u00bb][\/vc_column][\/vc_row][vc_row type=\u00bbfull_width_content\u00bb full_screen_row_position=\u00bbmiddle\u00bb equal_height=\u00bbyes\u00bb scene_position=\u00bbcenter\u00bb text_color=\u00bbdark\u00bb text_align=\u00bbleft\u00bb class=\u00bbcfotos\u00bb overlay_strength=\u00bb0.3&#8243; shape_divider_position=\u00bbbottom\u00bb shape_type=\u00bb\u00bb][vc_column column_padding=\u00bbno-extra-padding\u00bb column_padding_position=\u00bball\u00bb background_color_opacity=\u00bb1&#8243; background_hover_color_opacity=\u00bb1&#8243; column_shadow=\u00bbnone\u00bb column_border_radius=\u00bbnone\u00bb width=\u00bb1\/2&#8243; tablet_text_alignment=\u00bbdefault\u00bb phone_text_alignment=\u00bbdefault\u00bb column_border_width=\u00bbnone\u00bb column_border_style=\u00bbsolid\u00bb][image_with_animation image_url=\u00bb4981&#8243; alignment=\u00bb\u00bb animation=\u00bbFade In\u00bb border_radius=\u00bbnone\u00bb box_shadow=\u00bbnone\u00bb max_width=\u00bb100%\u00bb][divider line_type=\u00bbNo Line\u00bb custom_height=\u00bb30&#8243;][image_with_animation image_url=\u00bb4275&#8243; alignment=\u00bb\u00bb animation=\u00bbFade In\u00bb border_radius=\u00bbnone\u00bb box_shadow=\u00bbnone\u00bb max_width=\u00bb100%\u00bb][\/vc_column][vc_column column_padding=\u00bbno-extra-padding\u00bb column_padding_position=\u00bball\u00bb background_color_opacity=\u00bb1&#8243; background_hover_color_opacity=\u00bb1&#8243; column_shadow=\u00bbnone\u00bb column_border_radius=\u00bbnone\u00bb width=\u00bb1\/2&#8243; tablet_text_alignment=\u00bbdefault\u00bb phone_text_alignment=\u00bbdefault\u00bb column_border_width=\u00bbnone\u00bb column_border_style=\u00bbsolid\u00bb][image_with_animation image_url=\u00bb3582&#8243; alignment=\u00bb\u00bb animation=\u00bbFade In\u00bb border_radius=\u00bbnone\u00bb box_shadow=\u00bbnone\u00bb max_width=\u00bb100%\u00bb][divider line_type=\u00bbNo Line\u00bb custom_height=\u00bb30&#8243;][image_with_animation image_url=\u00bb4983&#8243; alignment=\u00bb\u00bb animation=\u00bbFade In\u00bb border_radius=\u00bbnone\u00bb box_shadow=\u00bbnone\u00bb max_width=\u00bb100%\u00bb][\/vc_column][\/vc_row]\n","protected":false},"excerpt":{"rendered":"<p>[vc_row type=\u00bbin_container\u00bb full_screen_row_position=\u00bbmiddle\u00bb scene_position=\u00bbcenter\u00bb text_color=\u00bbdark\u00bb text_align=\u00bbleft\u00bb top_padding=\u00bb300&#8243; bottom_padding=\u00bb20&#8243; overlay_strength=\u00bb0.3&#8243; shape_divider_position=\u00bbbottom\u00bb shape_type=\u00bb\u00bb][vc_column centered_text=\u00bbtrue\u00bb column_padding=\u00bbno-extra-padding\u00bb column_padding_position=\u00bball\u00bb background_color_opacity=\u00bb1&#8243; background_hover_color_opacity=\u00bb1&#8243; column_shadow=\u00bbnone\u00bb column_border_radius=\u00bbnone\u00bb width=\u00bb1\/1&#8243; tablet_text_alignment=\u00bbdefault\u00bb phone_text_alignment=\u00bbdefault\u00bb column_border_width=\u00bbnone\u00bb column_border_style=\u00bbsolid\u00bb][vc_column_text css=\u00bb.vc_custom_1749451274033{padding-bottom: 50px !important;}\u00bb max_width=\u00bb800&#8243;] Desayuno 8:00 &#8211;&#8230;<\/p>\n","protected":false},"author":4,"featured_media":0,"parent":0,"menu_order":0,"comment_status":"closed","ping_status":"closed","template":"","meta":{"_monsterinsights_skip_tracking":false,"_monsterinsights_sitenote_active":false,"_monsterinsights_sitenote_note":"","_monsterinsights_sitenote_category":0,"_joinchat":[],"footnotes":""},"class_list":["post-4864","page","type-page","status-publish"],"yoast_head":"<!-- This site is optimized with the Yoast SEO plugin v27.4 - https:\/\/yoast.com\/product\/yoast-seo-wordpress\/ -->\n<title>Desayuno Mikasa - Mikasa Ibiza<\/title>\n<meta name=\"description\" content=\"Empieza el d\u00eda de la manera m\u00e1s saludable en un d\u00eda de sol y bienestar, acompa\u00f1ado de nuestro desayuno vegano flexible, dise\u00f1ado para ofrecerte una experiencia deliciosa y completa.\" \/>\n<meta name=\"robots\" content=\"index, follow, max-snippet:-1, max-image-preview:large, max-video-preview:-1\" \/>\n<link rel=\"canonical\" href=\"https:\/\/www.mikasaibiza.com\/es\/desayuno-mikasa\/\" \/>\n<meta property=\"og:locale\" content=\"es_ES\" \/>\n<meta property=\"og:type\" content=\"article\" \/>\n<meta property=\"og:title\" content=\"Desayuno Mikasa - Mikasa Ibiza\" \/>\n<meta property=\"og:description\" content=\"Empieza el d\u00eda de la manera m\u00e1s saludable en un d\u00eda de sol y bienestar, acompa\u00f1ado de nuestro desayuno vegano flexible, dise\u00f1ado para ofrecerte una experiencia deliciosa y completa.\" \/>\n<meta property=\"og:url\" content=\"https:\/\/www.mikasaibiza.com\/es\/desayuno-mikasa\/\" \/>\n<meta property=\"og:site_name\" content=\"Mikasa Ibiza\" \/>\n<meta property=\"article:publisher\" content=\"https:\/\/www.facebook.com\/MiKasa-Ibiza-Boutique-Hotel-574954372884624\" \/>\n<meta property=\"article:modified_time\" content=\"2025-06-09T06:41:19+00:00\" \/>\n<meta name=\"twitter:card\" content=\"summary_large_image\" \/>\n<meta name=\"twitter:label1\" content=\"Tiempo de lectura\" \/>\n\t<meta name=\"twitter:data1\" content=\"2 minutos\" \/>\n<script type=\"application\/ld+json\" class=\"yoast-schema-graph\">{\"@context\":\"https:\\\/\\\/schema.org\",\"@graph\":[{\"@type\":\"WebPage\",\"@id\":\"https:\\\/\\\/www.mikasaibiza.com\\\/es\\\/desayuno-mikasa\\\/\",\"url\":\"https:\\\/\\\/www.mikasaibiza.com\\\/es\\\/desayuno-mikasa\\\/\",\"name\":\"Desayuno Mikasa - Mikasa Ibiza\",\"isPartOf\":{\"@id\":\"https:\\\/\\\/www.mikasaibiza.com\\\/#website\"},\"datePublished\":\"2025-03-22T17:37:26+00:00\",\"dateModified\":\"2025-06-09T06:41:19+00:00\",\"description\":\"Empieza el d\u00eda de la manera m\u00e1s saludable en un d\u00eda de sol y bienestar, acompa\u00f1ado de nuestro desayuno vegano flexible, dise\u00f1ado para ofrecerte una experiencia deliciosa y completa.\",\"breadcrumb\":{\"@id\":\"https:\\\/\\\/www.mikasaibiza.com\\\/es\\\/desayuno-mikasa\\\/#breadcrumb\"},\"inLanguage\":\"es\",\"potentialAction\":[{\"@type\":\"ReadAction\",\"target\":[\"https:\\\/\\\/www.mikasaibiza.com\\\/es\\\/desayuno-mikasa\\\/\"]}]},{\"@type\":\"BreadcrumbList\",\"@id\":\"https:\\\/\\\/www.mikasaibiza.com\\\/es\\\/desayuno-mikasa\\\/#breadcrumb\",\"itemListElement\":[{\"@type\":\"ListItem\",\"position\":1,\"name\":\"Portada\",\"item\":\"https:\\\/\\\/www.mikasaibiza.com\\\/\"},{\"@type\":\"ListItem\",\"position\":2,\"name\":\"Desayuno Mikasa\"}]},{\"@type\":\"WebSite\",\"@id\":\"https:\\\/\\\/www.mikasaibiza.com\\\/#website\",\"url\":\"https:\\\/\\\/www.mikasaibiza.com\\\/\",\"name\":\"Mikasa Ibiza\",\"description\":\"\",\"publisher\":{\"@id\":\"https:\\\/\\\/www.mikasaibiza.com\\\/#organization\"},\"potentialAction\":[{\"@type\":\"SearchAction\",\"target\":{\"@type\":\"EntryPoint\",\"urlTemplate\":\"https:\\\/\\\/www.mikasaibiza.com\\\/?s={search_term_string}\"},\"query-input\":{\"@type\":\"PropertyValueSpecification\",\"valueRequired\":true,\"valueName\":\"search_term_string\"}}],\"inLanguage\":\"es\"},{\"@type\":\"Organization\",\"@id\":\"https:\\\/\\\/www.mikasaibiza.com\\\/#organization\",\"name\":\"Mikasa Ibiza\",\"url\":\"https:\\\/\\\/www.mikasaibiza.com\\\/\",\"logo\":{\"@type\":\"ImageObject\",\"inLanguage\":\"es\",\"@id\":\"https:\\\/\\\/www.mikasaibiza.com\\\/#\\\/schema\\\/logo\\\/image\\\/\",\"url\":\"https:\\\/\\\/www.mikasaibiza.com\\\/wp-content\\\/uploads\\\/2022\\\/03\\\/logo-verde-vertical.png\",\"contentUrl\":\"https:\\\/\\\/www.mikasaibiza.com\\\/wp-content\\\/uploads\\\/2022\\\/03\\\/logo-verde-vertical.png\",\"width\":328,\"height\":377,\"caption\":\"Mikasa Ibiza\"},\"image\":{\"@id\":\"https:\\\/\\\/www.mikasaibiza.com\\\/#\\\/schema\\\/logo\\\/image\\\/\"},\"sameAs\":[\"https:\\\/\\\/www.facebook.com\\\/MiKasa-Ibiza-Boutique-Hotel-574954372884624\",\"https:\\\/\\\/www.instagram.com\\\/mikasaibiza\\\/\"]}]}<\/script>\n<!-- \/ Yoast SEO plugin. -->","yoast_head_json":{"title":"Desayuno Mikasa - Mikasa Ibiza","description":"Empieza el d\u00eda de la manera m\u00e1s saludable en un d\u00eda de sol y bienestar, acompa\u00f1ado de nuestro desayuno vegano flexible, dise\u00f1ado para ofrecerte una experiencia deliciosa y completa.","robots":{"index":"index","follow":"follow","max-snippet":"max-snippet:-1","max-image-preview":"max-image-preview:large","max-video-preview":"max-video-preview:-1"},"canonical":"https:\/\/www.mikasaibiza.com\/es\/desayuno-mikasa\/","og_locale":"es_ES","og_type":"article","og_title":"Desayuno Mikasa - Mikasa Ibiza","og_description":"Empieza el d\u00eda de la manera m\u00e1s saludable en un d\u00eda de sol y bienestar, acompa\u00f1ado de nuestro desayuno vegano flexible, dise\u00f1ado para ofrecerte una experiencia deliciosa y completa.","og_url":"https:\/\/www.mikasaibiza.com\/es\/desayuno-mikasa\/","og_site_name":"Mikasa Ibiza","article_publisher":"https:\/\/www.facebook.com\/MiKasa-Ibiza-Boutique-Hotel-574954372884624","article_modified_time":"2025-06-09T06:41:19+00:00","twitter_card":"summary_large_image","twitter_misc":{"Tiempo de lectura":"2 minutos"},"schema":{"@context":"https:\/\/schema.org","@graph":[{"@type":"WebPage","@id":"https:\/\/www.mikasaibiza.com\/es\/desayuno-mikasa\/","url":"https:\/\/www.mikasaibiza.com\/es\/desayuno-mikasa\/","name":"Desayuno Mikasa - Mikasa Ibiza","isPartOf":{"@id":"https:\/\/www.mikasaibiza.com\/#website"},"datePublished":"2025-03-22T17:37:26+00:00","dateModified":"2025-06-09T06:41:19+00:00","description":"Empieza el d\u00eda de la manera m\u00e1s saludable en un d\u00eda de sol y bienestar, acompa\u00f1ado de nuestro desayuno vegano flexible, dise\u00f1ado para ofrecerte una experiencia deliciosa y completa.","breadcrumb":{"@id":"https:\/\/www.mikasaibiza.com\/es\/desayuno-mikasa\/#breadcrumb"},"inLanguage":"es","potentialAction":[{"@type":"ReadAction","target":["https:\/\/www.mikasaibiza.com\/es\/desayuno-mikasa\/"]}]},{"@type":"BreadcrumbList","@id":"https:\/\/www.mikasaibiza.com\/es\/desayuno-mikasa\/#breadcrumb","itemListElement":[{"@type":"ListItem","position":1,"name":"Portada","item":"https:\/\/www.mikasaibiza.com\/"},{"@type":"ListItem","position":2,"name":"Desayuno Mikasa"}]},{"@type":"WebSite","@id":"https:\/\/www.mikasaibiza.com\/#website","url":"https:\/\/www.mikasaibiza.com\/","name":"Mikasa Ibiza","description":"","publisher":{"@id":"https:\/\/www.mikasaibiza.com\/#organization"},"potentialAction":[{"@type":"SearchAction","target":{"@type":"EntryPoint","urlTemplate":"https:\/\/www.mikasaibiza.com\/?s={search_term_string}"},"query-input":{"@type":"PropertyValueSpecification","valueRequired":true,"valueName":"search_term_string"}}],"inLanguage":"es"},{"@type":"Organization","@id":"https:\/\/www.mikasaibiza.com\/#organization","name":"Mikasa Ibiza","url":"https:\/\/www.mikasaibiza.com\/","logo":{"@type":"ImageObject","inLanguage":"es","@id":"https:\/\/www.mikasaibiza.com\/#\/schema\/logo\/image\/","url":"https:\/\/www.mikasaibiza.com\/wp-content\/uploads\/2022\/03\/logo-verde-vertical.png","contentUrl":"https:\/\/www.mikasaibiza.com\/wp-content\/uploads\/2022\/03\/logo-verde-vertical.png","width":328,"height":377,"caption":"Mikasa Ibiza"},"image":{"@id":"https:\/\/www.mikasaibiza.com\/#\/schema\/logo\/image\/"},"sameAs":["https:\/\/www.facebook.com\/MiKasa-Ibiza-Boutique-Hotel-574954372884624","https:\/\/www.instagram.com\/mikasaibiza\/"]}]}},"_links":{"self":[{"href":"https:\/\/www.mikasaibiza.com\/es\/wp-json\/wp\/v2\/pages\/4864","targetHints":{"allow":["GET"]}}],"collection":[{"href":"https:\/\/www.mikasaibiza.com\/es\/wp-json\/wp\/v2\/pages"}],"about":[{"href":"https:\/\/www.mikasaibiza.com\/es\/wp-json\/wp\/v2\/types\/page"}],"author":[{"embeddable":true,"href":"https:\/\/www.mikasaibiza.com\/es\/wp-json\/wp\/v2\/users\/4"}],"replies":[{"embeddable":true,"href":"https:\/\/www.mikasaibiza.com\/es\/wp-json\/wp\/v2\/comments?post=4864"}],"version-history":[{"count":22,"href":"https:\/\/www.mikasaibiza.com\/es\/wp-json\/wp\/v2\/pages\/4864\/revisions"}],"predecessor-version":[{"id":5250,"href":"https:\/\/www.mikasaibiza.com\/es\/wp-json\/wp\/v2\/pages\/4864\/revisions\/5250"}],"wp:attachment":[{"href":"https:\/\/www.mikasaibiza.com\/es\/wp-json\/wp\/v2\/media?parent=4864"}],"curies":[{"name":"wp","href":"https:\/\/api.w.org\/{rel}","templated":true}]}}