{"id":1221,"date":"2018-08-14T10:55:42","date_gmt":"2018-08-14T10:55:42","guid":{"rendered":"https:\/\/www.mikasaibiza.com\/legal-advice\/"},"modified":"2022-08-22T11:34:31","modified_gmt":"2022-08-22T11:34:31","slug":"aviso-legal","status":"publish","type":"page","link":"https:\/\/www.mikasaibiza.com\/es\/aviso-legal\/","title":{"rendered":"Aviso legal"},"content":{"rendered":"[vc_row type=\u00bbin_container\u00bb full_screen_row_position=\u00bbmiddle\u00bb scene_position=\u00bbcenter\u00bb text_color=\u00bbdark\u00bb text_align=\u00bbleft\u00bb top_padding=\u00bb300&#8243; bottom_padding=\u00bb80&#8243; class=\u00bbpfila\u00bb overlay_strength=\u00bb0.3&#8243; shape_divider_position=\u00bbbottom\u00bb shape_type=\u00bb\u00bb][vc_column column_padding=\u00bbno-extra-padding\u00bb column_padding_position=\u00bball\u00bb background_color_opacity=\u00bb1&#8243; background_hover_color_opacity=\u00bb1&#8243; column_shadow=\u00bbnone\u00bb column_border_radius=\u00bbnone\u00bb width=\u00bb1\/1&#8243; tablet_text_alignment=\u00bbdefault\u00bb phone_text_alignment=\u00bbdefault\u00bb column_border_width=\u00bbnone\u00bb column_border_style=\u00bbsolid\u00bb][heading]\n<h2>Aviso legal<\/h2>\n[\/heading][vc_column_text css=\u00bb.vc_custom_1536077755924{padding-top: 40px !important;}\u00bb]Hotel Boutique Mikasa S.L con CIF B16501298 direcci\u00f3n Paseo Juan Carlos Primer N\u00ba 39 07800 Ibiza no puede asumir ninguna responsabilidad derivada del uso incorrecto, inapropiado o il\u00edcito de la informaci\u00f3n aparecida en las p\u00e1ginas de Internet de www.mikasaibiza.com<\/p>\n<p>Con los l\u00edmites establecidos en la ley,www.mikasaibiza.com no asume ninguna responsabilidad derivada de la falta de veracidad, integridad, actualizaci\u00f3n y precisi\u00f3n de los datos o informaciones que se contienen en sus p\u00e1ginas de Internet.<\/p>\n<p>Los contenidos e informaci\u00f3n no vinculan a www.mikasaibiza.com ni constituyen opiniones, consejos o asesoramiento legal de ning\u00fan tipo pues se trata meramente de un servicio ofrecido con car\u00e1cter informativo y divulgativo.<\/p>\n<p>Las p\u00e1ginas de Internet de www.mikasaibiza.com pueden contener enlaces (links) a otras p\u00e1ginas de terceras partes que www.mikasaibiza.com no puede controlar. Por lo tanto, www.mikasaibiza.com no puede asumir responsabilidades por el contenido que pueda aparecer en p\u00e1ginas de terceros.<\/p>\n<p>Los textos, im\u00e1genes, sonidos, animaciones, software y el resto de contenidos incluidos en este website son propiedad exclusiva de www.mikasaibiza.com o sus licenciantes. Cualquier acto de transmisi\u00f3n, distribuci\u00f3n, cesi\u00f3n, reproducci\u00f3n, almacenamiento o comunicaci\u00f3n p\u00fablica total o parcial, debe contar con el consentimiento expreso de www.mikasaibiza.com<\/p>\n<p>Asimismo, para acceder a algunos de los servicios que www.mikasaibiza.com ofrece a trav\u00e9s del website deber\u00e1 proporcionar algunos datos de car\u00e1cter personal. En cumplimiento de lo establecido en el Reglamento(UE) 2016\/679 del Parlamento Europeo y del Consejo, de 27 de abril de 2016, relativo a la protecci\u00f3n de las personas f\u00edsicas en lo que respecta al tratamiento de datos personales y a la libre circulaci\u00f3n de estos datos le informamos que, mediante la cumplimentaci\u00f3n de los presentes formularios, sus datos personales quedar\u00e1n incorporados y ser\u00e1n tratados en los ficheros de Mikasa Ibiza con el fin de poderle prestar y ofrecer nuestros servicios as\u00ed como para informarle de las mejoras del sitio Web. Asimismo, le informamos de la posibilidad de que ejerza los derechos de acceso, rectificaci\u00f3n, cancelaci\u00f3n y oposici\u00f3n de sus datos de car\u00e1cter personal, manera gratuita mediante email a booking@mikasaibiza.com o en la direcci\u00f3n Paseo Juan Carlos Primer N\u00ba 39 07800 Ibiza[\/vc_column_text][\/vc_column][\/vc_row]\n","protected":false},"excerpt":{"rendered":"<p>[vc_row type=\u00bbin_container\u00bb full_screen_row_position=\u00bbmiddle\u00bb scene_position=\u00bbcenter\u00bb text_color=\u00bbdark\u00bb text_align=\u00bbleft\u00bb top_padding=\u00bb300&#8243; bottom_padding=\u00bb80&#8243; class=\u00bbpfila\u00bb overlay_strength=\u00bb0.3&#8243; shape_divider_position=\u00bbbottom\u00bb shape_type=\u00bb\u00bb][vc_column column_padding=\u00bbno-extra-padding\u00bb column_padding_position=\u00bball\u00bb background_color_opacity=\u00bb1&#8243; background_hover_color_opacity=\u00bb1&#8243; column_shadow=\u00bbnone\u00bb column_border_radius=\u00bbnone\u00bb width=\u00bb1\/1&#8243; tablet_text_alignment=\u00bbdefault\u00bb phone_text_alignment=\u00bbdefault\u00bb column_border_width=\u00bbnone\u00bb column_border_style=\u00bbsolid\u00bb][heading] Aviso legal [\/heading][vc_column_text css=\u00bb.vc_custom_1536077755924{padding-top: 40px !important;}\u00bb]Hotel Boutique&#8230;<\/p>\n","protected":false},"author":3,"featured_media":0,"parent":0,"menu_order":0,"comment_status":"closed","ping_status":"closed","template":"","meta":{"_monsterinsights_skip_tracking":false,"_monsterinsights_sitenote_active":false,"_monsterinsights_sitenote_note":"","_monsterinsights_sitenote_category":0,"_joinchat":[],"footnotes":""},"class_list":["post-1221","page","type-page","status-publish"],"yoast_head":"<!-- This site is optimized with the Yoast SEO plugin v27.4 - https:\/\/yoast.com\/product\/yoast-seo-wordpress\/ -->\n<title>Aviso legal - Mikasa Ibiza<\/title>\n<meta name=\"robots\" content=\"index, follow, max-snippet:-1, max-image-preview:large, max-video-preview:-1\" \/>\n<link rel=\"canonical\" href=\"https:\/\/www.mikasaibiza.com\/legal-advice\/\" \/>\n<meta property=\"og:locale\" content=\"es_ES\" \/>\n<meta property=\"og:type\" content=\"article\" \/>\n<meta property=\"og:title\" content=\"Aviso legal - Mikasa Ibiza\" \/>\n<meta property=\"og:description\" content=\"[vc_row type=\u00bbin_container\u00bb full_screen_row_position=\u00bbmiddle\u00bb scene_position=\u00bbcenter\u00bb text_color=\u00bbdark\u00bb text_align=\u00bbleft\u00bb top_padding=\u00bb300&#8243; bottom_padding=\u00bb80&#8243; class=\u00bbpfila\u00bb overlay_strength=\u00bb0.3&#8243; shape_divider_position=\u00bbbottom\u00bb shape_type=\u00bb\u00bb][vc_column column_padding=\u00bbno-extra-padding\u00bb column_padding_position=\u00bball\u00bb background_color_opacity=\u00bb1&#8243; background_hover_color_opacity=\u00bb1&#8243; column_shadow=\u00bbnone\u00bb column_border_radius=\u00bbnone\u00bb width=\u00bb1\/1&#8243; tablet_text_alignment=\u00bbdefault\u00bb phone_text_alignment=\u00bbdefault\u00bb column_border_width=\u00bbnone\u00bb column_border_style=\u00bbsolid\u00bb][heading] Aviso legal [\/heading][vc_column_text css=\u00bb.vc_custom_1536077755924{padding-top: 40px !important;}\u00bb]Hotel Boutique...\" \/>\n<meta property=\"og:url\" content=\"https:\/\/www.mikasaibiza.com\/legal-advice\/\" \/>\n<meta property=\"og:site_name\" content=\"Mikasa Ibiza\" \/>\n<meta property=\"article:publisher\" content=\"https:\/\/www.facebook.com\/MiKasa-Ibiza-Boutique-Hotel-574954372884624\" \/>\n<meta property=\"article:modified_time\" content=\"2022-08-22T11:34:31+00:00\" \/>\n<meta name=\"twitter:card\" content=\"summary_large_image\" \/>\n<meta name=\"twitter:label1\" content=\"Tiempo de lectura\" \/>\n\t<meta name=\"twitter:data1\" content=\"2 minutos\" \/>\n<script type=\"application\/ld+json\" class=\"yoast-schema-graph\">{\"@context\":\"https:\\\/\\\/schema.org\",\"@graph\":[{\"@type\":\"WebPage\",\"@id\":\"https:\\\/\\\/www.mikasaibiza.com\\\/legal-advice\\\/\",\"url\":\"https:\\\/\\\/www.mikasaibiza.com\\\/legal-advice\\\/\",\"name\":\"Aviso legal - Mikasa Ibiza\",\"isPartOf\":{\"@id\":\"https:\\\/\\\/www.mikasaibiza.com\\\/#website\"},\"datePublished\":\"2018-08-14T10:55:42+00:00\",\"dateModified\":\"2022-08-22T11:34:31+00:00\",\"breadcrumb\":{\"@id\":\"https:\\\/\\\/www.mikasaibiza.com\\\/legal-advice\\\/#breadcrumb\"},\"inLanguage\":\"es\",\"potentialAction\":[{\"@type\":\"ReadAction\",\"target\":[\"https:\\\/\\\/www.mikasaibiza.com\\\/legal-advice\\\/\"]}]},{\"@type\":\"BreadcrumbList\",\"@id\":\"https:\\\/\\\/www.mikasaibiza.com\\\/legal-advice\\\/#breadcrumb\",\"itemListElement\":[{\"@type\":\"ListItem\",\"position\":1,\"name\":\"Portada\",\"item\":\"https:\\\/\\\/www.mikasaibiza.com\\\/\"},{\"@type\":\"ListItem\",\"position\":2,\"name\":\"Aviso legal\"}]},{\"@type\":\"WebSite\",\"@id\":\"https:\\\/\\\/www.mikasaibiza.com\\\/#website\",\"url\":\"https:\\\/\\\/www.mikasaibiza.com\\\/\",\"name\":\"Mikasa Ibiza\",\"description\":\"\",\"publisher\":{\"@id\":\"https:\\\/\\\/www.mikasaibiza.com\\\/#organization\"},\"potentialAction\":[{\"@type\":\"SearchAction\",\"target\":{\"@type\":\"EntryPoint\",\"urlTemplate\":\"https:\\\/\\\/www.mikasaibiza.com\\\/?s={search_term_string}\"},\"query-input\":{\"@type\":\"PropertyValueSpecification\",\"valueRequired\":true,\"valueName\":\"search_term_string\"}}],\"inLanguage\":\"es\"},{\"@type\":\"Organization\",\"@id\":\"https:\\\/\\\/www.mikasaibiza.com\\\/#organization\",\"name\":\"Mikasa Ibiza\",\"url\":\"https:\\\/\\\/www.mikasaibiza.com\\\/\",\"logo\":{\"@type\":\"ImageObject\",\"inLanguage\":\"es\",\"@id\":\"https:\\\/\\\/www.mikasaibiza.com\\\/#\\\/schema\\\/logo\\\/image\\\/\",\"url\":\"https:\\\/\\\/www.mikasaibiza.com\\\/wp-content\\\/uploads\\\/2022\\\/03\\\/logo-verde-vertical.png\",\"contentUrl\":\"https:\\\/\\\/www.mikasaibiza.com\\\/wp-content\\\/uploads\\\/2022\\\/03\\\/logo-verde-vertical.png\",\"width\":328,\"height\":377,\"caption\":\"Mikasa Ibiza\"},\"image\":{\"@id\":\"https:\\\/\\\/www.mikasaibiza.com\\\/#\\\/schema\\\/logo\\\/image\\\/\"},\"sameAs\":[\"https:\\\/\\\/www.facebook.com\\\/MiKasa-Ibiza-Boutique-Hotel-574954372884624\",\"https:\\\/\\\/www.instagram.com\\\/mikasaibiza\\\/\"]}]}<\/script>\n<!-- \/ Yoast SEO plugin. -->","yoast_head_json":{"title":"Aviso legal - Mikasa Ibiza","robots":{"index":"index","follow":"follow","max-snippet":"max-snippet:-1","max-image-preview":"max-image-preview:large","max-video-preview":"max-video-preview:-1"},"canonical":"https:\/\/www.mikasaibiza.com\/legal-advice\/","og_locale":"es_ES","og_type":"article","og_title":"Aviso legal - Mikasa Ibiza","og_description":"[vc_row type=\u00bbin_container\u00bb full_screen_row_position=\u00bbmiddle\u00bb scene_position=\u00bbcenter\u00bb text_color=\u00bbdark\u00bb text_align=\u00bbleft\u00bb top_padding=\u00bb300&#8243; bottom_padding=\u00bb80&#8243; class=\u00bbpfila\u00bb overlay_strength=\u00bb0.3&#8243; shape_divider_position=\u00bbbottom\u00bb shape_type=\u00bb\u00bb][vc_column column_padding=\u00bbno-extra-padding\u00bb column_padding_position=\u00bball\u00bb background_color_opacity=\u00bb1&#8243; background_hover_color_opacity=\u00bb1&#8243; column_shadow=\u00bbnone\u00bb column_border_radius=\u00bbnone\u00bb width=\u00bb1\/1&#8243; tablet_text_alignment=\u00bbdefault\u00bb phone_text_alignment=\u00bbdefault\u00bb column_border_width=\u00bbnone\u00bb column_border_style=\u00bbsolid\u00bb][heading] Aviso legal [\/heading][vc_column_text css=\u00bb.vc_custom_1536077755924{padding-top: 40px !important;}\u00bb]Hotel Boutique...","og_url":"https:\/\/www.mikasaibiza.com\/legal-advice\/","og_site_name":"Mikasa Ibiza","article_publisher":"https:\/\/www.facebook.com\/MiKasa-Ibiza-Boutique-Hotel-574954372884624","article_modified_time":"2022-08-22T11:34:31+00:00","twitter_card":"summary_large_image","twitter_misc":{"Tiempo de lectura":"2 minutos"},"schema":{"@context":"https:\/\/schema.org","@graph":[{"@type":"WebPage","@id":"https:\/\/www.mikasaibiza.com\/legal-advice\/","url":"https:\/\/www.mikasaibiza.com\/legal-advice\/","name":"Aviso legal - Mikasa Ibiza","isPartOf":{"@id":"https:\/\/www.mikasaibiza.com\/#website"},"datePublished":"2018-08-14T10:55:42+00:00","dateModified":"2022-08-22T11:34:31+00:00","breadcrumb":{"@id":"https:\/\/www.mikasaibiza.com\/legal-advice\/#breadcrumb"},"inLanguage":"es","potentialAction":[{"@type":"ReadAction","target":["https:\/\/www.mikasaibiza.com\/legal-advice\/"]}]},{"@type":"BreadcrumbList","@id":"https:\/\/www.mikasaibiza.com\/legal-advice\/#breadcrumb","itemListElement":[{"@type":"ListItem","position":1,"name":"Portada","item":"https:\/\/www.mikasaibiza.com\/"},{"@type":"ListItem","position":2,"name":"Aviso legal"}]},{"@type":"WebSite","@id":"https:\/\/www.mikasaibiza.com\/#website","url":"https:\/\/www.mikasaibiza.com\/","name":"Mikasa Ibiza","description":"","publisher":{"@id":"https:\/\/www.mikasaibiza.com\/#organization"},"potentialAction":[{"@type":"SearchAction","target":{"@type":"EntryPoint","urlTemplate":"https:\/\/www.mikasaibiza.com\/?s={search_term_string}"},"query-input":{"@type":"PropertyValueSpecification","valueRequired":true,"valueName":"search_term_string"}}],"inLanguage":"es"},{"@type":"Organization","@id":"https:\/\/www.mikasaibiza.com\/#organization","name":"Mikasa Ibiza","url":"https:\/\/www.mikasaibiza.com\/","logo":{"@type":"ImageObject","inLanguage":"es","@id":"https:\/\/www.mikasaibiza.com\/#\/schema\/logo\/image\/","url":"https:\/\/www.mikasaibiza.com\/wp-content\/uploads\/2022\/03\/logo-verde-vertical.png","contentUrl":"https:\/\/www.mikasaibiza.com\/wp-content\/uploads\/2022\/03\/logo-verde-vertical.png","width":328,"height":377,"caption":"Mikasa Ibiza"},"image":{"@id":"https:\/\/www.mikasaibiza.com\/#\/schema\/logo\/image\/"},"sameAs":["https:\/\/www.facebook.com\/MiKasa-Ibiza-Boutique-Hotel-574954372884624","https:\/\/www.instagram.com\/mikasaibiza\/"]}]}},"_links":{"self":[{"href":"https:\/\/www.mikasaibiza.com\/es\/wp-json\/wp\/v2\/pages\/1221","targetHints":{"allow":["GET"]}}],"collection":[{"href":"https:\/\/www.mikasaibiza.com\/es\/wp-json\/wp\/v2\/pages"}],"about":[{"href":"https:\/\/www.mikasaibiza.com\/es\/wp-json\/wp\/v2\/types\/page"}],"author":[{"embeddable":true,"href":"https:\/\/www.mikasaibiza.com\/es\/wp-json\/wp\/v2\/users\/3"}],"replies":[{"embeddable":true,"href":"https:\/\/www.mikasaibiza.com\/es\/wp-json\/wp\/v2\/comments?post=1221"}],"version-history":[{"count":0,"href":"https:\/\/www.mikasaibiza.com\/es\/wp-json\/wp\/v2\/pages\/1221\/revisions"}],"wp:attachment":[{"href":"https:\/\/www.mikasaibiza.com\/es\/wp-json\/wp\/v2\/media?parent=1221"}],"curies":[{"name":"wp","href":"https:\/\/api.w.org\/{rel}","templated":true}]}}