{"id":1218,"date":"2018-08-07T15:05:23","date_gmt":"2018-08-07T15:05:23","guid":{"rendered":"https:\/\/www.mikasaibiza.com\/rooms\/"},"modified":"2025-05-14T17:06:59","modified_gmt":"2025-05-14T17:06:59","slug":"habitaciones","status":"publish","type":"page","link":"https:\/\/www.mikasaibiza.com\/es\/habitaciones\/","title":{"rendered":"Habitaciones"},"content":{"rendered":"[vc_row type=\u00bbin_container\u00bb full_screen_row_position=\u00bbmiddle\u00bb scene_position=\u00bbcenter\u00bb text_color=\u00bbdark\u00bb text_align=\u00bbleft\u00bb top_padding=\u00bb300&#8243; bottom_padding=\u00bb20&#8243; class=\u00bbpfila\u00bb overlay_strength=\u00bb0.3&#8243; shape_divider_position=\u00bbbottom\u00bb shape_type=\u00bb\u00bb][vc_column centered_text=\u00bbtrue\u00bb column_padding=\u00bbno-extra-padding\u00bb column_padding_position=\u00bball\u00bb background_color_opacity=\u00bb1&#8243; background_hover_color_opacity=\u00bb1&#8243; column_shadow=\u00bbnone\u00bb column_border_radius=\u00bbnone\u00bb width=\u00bb1\/1&#8243; tablet_text_alignment=\u00bbdefault\u00bb phone_text_alignment=\u00bbdefault\u00bb column_border_width=\u00bbnone\u00bb column_border_style=\u00bbsolid\u00bb][vc_column_text max_width=\u00bb800&#8243;]\n<h1>Habitaciones<\/h1>\n<p>Mikasa es su hogar fuera de casa en Ibiza. El hotel y la isla que hay m\u00e1s all\u00e1 rebosan magia, misterio y m\u00edstica.<\/p>\n<p>Bienvenido a nuestra vida isle\u00f1a.[\/vc_column_text][\/vc_column][\/vc_row][vc_row type=\u00bbfull_width_content\u00bb full_screen_row_position=\u00bbmiddle\u00bb scene_position=\u00bbcenter\u00bb text_color=\u00bbdark\u00bb text_align=\u00bbleft\u00bb top_padding=\u00bb30&#8243; class=\u00bbcfotos\u00bb id=\u00bbblrooms\u00bb overlay_strength=\u00bb0.3&#8243; shape_divider_position=\u00bbbottom\u00bb shape_type=\u00bb\u00bb][vc_column column_padding=\u00bbno-extra-padding\u00bb column_padding_position=\u00bball\u00bb background_color_opacity=\u00bb1&#8243; background_hover_color_opacity=\u00bb1&#8243; column_shadow=\u00bbnone\u00bb column_border_radius=\u00bbnone\u00bb width=\u00bb1\/2&#8243; tablet_text_alignment=\u00bbdefault\u00bb phone_text_alignment=\u00bbdefault\u00bb column_border_width=\u00bbnone\u00bb column_border_style=\u00bbsolid\u00bb][vc_column_text el_class=\u00bbenlace c3&#8243;]<a href=\"https:\/\/www.mikasaibiza.com\/es\/habitaciones\/superior\/\">Superior<\/a> <a href=\"https:\/\/www.mikasaibiza.com\/es\/habitaciones\/superior\/\"><img loading=\"lazy\" decoding=\"async\" class=\"alignnone wp-image-457 size-full\" src=\"https:\/\/www.mikasaibiza.com\/wp-content\/uploads\/2018\/08\/Nextw.png\" alt=\"\" width=\"23\" height=\"27\" \/><\/a>[\/vc_column_text][image_with_animation image_url=\u00bb683&#8243; alignment=\u00bb\u00bb animation=\u00bbFade In\u00bb border_radius=\u00bbnone\u00bb box_shadow=\u00bbnone\u00bb max_width=\u00bb100%\u00bb img_link=\u00bbhttps:\/\/www.mikasaibiza.com\/es\/habitaciones\/superior\/\u00bb][divider line_type=\u00bbNo Line\u00bb custom_height=\u00bb30&#8243;][image_with_animation image_url=\u00bb685&#8243; alignment=\u00bb\u00bb animation=\u00bbFade In\u00bb border_radius=\u00bbnone\u00bb box_shadow=\u00bbnone\u00bb max_width=\u00bb100%\u00bb img_link=\u00bbhttps:\/\/www.mikasaibiza.com\/es\/habitaciones\/standard\/\u00bb][vc_column_text el_class=\u00bbenlace c2&#8243;]<a href=\"https:\/\/www.mikasaibiza.com\/es\/habitaciones\/standard\/\">Est\u00e1ndar<\/a> <a href=\"https:\/\/www.mikasaibiza.com\/es\/habitaciones\/standard\/\"><img loading=\"lazy\" decoding=\"async\" class=\"alignnone wp-image-457 size-full\" src=\"https:\/\/www.mikasaibiza.com\/wp-content\/uploads\/2018\/08\/Nextw.png\" alt=\"\" width=\"23\" height=\"27\" \/><\/a>[\/vc_column_text][\/vc_column][vc_column column_padding=\u00bbno-extra-padding\u00bb column_padding_position=\u00bball\u00bb background_color_opacity=\u00bb1&#8243; background_hover_color_opacity=\u00bb1&#8243; column_shadow=\u00bbnone\u00bb column_border_radius=\u00bbnone\u00bb width=\u00bb1\/2&#8243; tablet_text_alignment=\u00bbdefault\u00bb phone_text_alignment=\u00bbdefault\u00bb column_border_width=\u00bbnone\u00bb column_border_style=\u00bbsolid\u00bb][vc_column_text el_class=\u00bbenlace c4&#8243;]<a href=\"https:\/\/www.mikasaibiza.com\/es\/habitaciones\/superior-frontal\/\">Superior frontal<\/a> <a href=\"https:\/\/www.mikasaibiza.com\/es\/habitaciones\/superior-frontal\/\"><img loading=\"lazy\" decoding=\"async\" class=\"alignnone wp-image-457 size-full\" src=\"https:\/\/www.mikasaibiza.com\/wp-content\/uploads\/2018\/08\/Nextw.png\" alt=\"\" width=\"23\" height=\"27\" \/><\/a>[\/vc_column_text][image_with_animation image_url=\u00bb687&#8243; alignment=\u00bb\u00bb animation=\u00bbFade In\u00bb border_radius=\u00bbnone\u00bb box_shadow=\u00bbnone\u00bb max_width=\u00bb100%\u00bb img_link=\u00bbhttps:\/\/www.mikasaibiza.com\/es\/habitaciones\/superior-frontal\/\u00bb][divider line_type=\u00bbNo Line\u00bb custom_height=\u00bb30&#8243;][image_with_animation image_url=\u00bb684&#8243; alignment=\u00bb\u00bb animation=\u00bbFade In\u00bb border_radius=\u00bbnone\u00bb box_shadow=\u00bbnone\u00bb max_width=\u00bb100%\u00bb img_link=\u00bbhttps:\/\/www.mikasaibiza.com\/es\/habitaciones\/premium\/\u00bb][vc_column_text el_class=\u00bbenlace c2&#8243;]<a href=\"https:\/\/www.mikasaibiza.com\/es\/habitaciones\/premium\/\">Premium<\/a> <a href=\"https:\/\/www.mikasaibiza.com\/es\/habitaciones\/premium\/\"><img loading=\"lazy\" decoding=\"async\" class=\"alignnone wp-image-457 size-full\" src=\"https:\/\/www.mikasaibiza.com\/wp-content\/uploads\/2018\/08\/Nextw.png\" alt=\"\" width=\"23\" height=\"27\" \/><\/a>[\/vc_column_text][\/vc_column][\/vc_row][vc_row type=\u00bbfull_width_content\u00bb full_screen_row_position=\u00bbmiddle\u00bb scene_position=\u00bbcenter\u00bb text_color=\u00bbdark\u00bb text_align=\u00bbleft\u00bb top_padding=\u00bb200&#8243; bottom_padding=\u00bb200&#8243; id=\u00bbbcta\u00bb overlay_strength=\u00bb0.3&#8243; shape_divider_position=\u00bbbottom\u00bb shape_type=\u00bb\u00bb][vc_column column_padding=\u00bbpadding-5-percent\u00bb column_padding_position=\u00bbleft-right\u00bb background_color_opacity=\u00bb1&#8243; background_hover_color_opacity=\u00bb1&#8243; column_shadow=\u00bbnone\u00bb column_border_radius=\u00bbnone\u00bb width=\u00bb1\/1&#8243; tablet_text_alignment=\u00bbdefault\u00bb phone_text_alignment=\u00bbdefault\u00bb column_border_width=\u00bbnone\u00bb column_border_style=\u00bbsolid\u00bb][vc_row_inner equal_height=\u00bbyes\u00bb content_placement=\u00bbmiddle\u00bb column_margin=\u00bbdefault\u00bb text_align=\u00bbleft\u00bb class=\u00bbcta\u00bb css=\u00bb.vc_custom_1741330597009{background-color: #273548 !important;}\u00bb][vc_column_inner column_padding=\u00bbno-extra-padding\u00bb column_padding_position=\u00bball\u00bb background_color_opacity=\u00bb1&#8243; background_hover_color_opacity=\u00bb1&#8243; column_shadow=\u00bbnone\u00bb column_border_radius=\u00bbnone\u00bb width=\u00bb3\/4&#8243; column_border_width=\u00bbnone\u00bb column_border_style=\u00bbsolid\u00bb][vc_column_text]\n<h2>Disfruta de esta habitaci\u00f3n en Mikasa Ibiza<br \/>\ncon grandes ventajas<\/h2>\n[\/vc_column_text][\/vc_column_inner][vc_column_inner column_padding=\u00bbno-extra-padding\u00bb column_padding_position=\u00bball\u00bb background_color_opacity=\u00bb1&#8243; background_hover_color_opacity=\u00bb1&#8243; column_shadow=\u00bbnone\u00bb column_border_radius=\u00bbnone\u00bb width=\u00bb1\/4&#8243; column_border_width=\u00bbnone\u00bb column_border_style=\u00bbsolid\u00bb][nectar_btn size=\u00bblarge\u00bb button_style=\u00bbregular\u00bb button_color_2=\u00bbExtra-Color-3&#8243; icon_family=\u00bbnone\u00bb el_class=\u00bbbook_now\u00bb text=\u00bbRESERVAR\u00bb url=\u00bbhttps:\/\/bookings.mikasaibiza.com\/\u00bb][\/vc_column_inner][\/vc_row_inner][vc_column_text][\/vc_column_text][\/vc_column][\/vc_row]\n","protected":false},"excerpt":{"rendered":"<p>[vc_row type=\u00bbin_container\u00bb full_screen_row_position=\u00bbmiddle\u00bb scene_position=\u00bbcenter\u00bb text_color=\u00bbdark\u00bb text_align=\u00bbleft\u00bb top_padding=\u00bb300&#8243; bottom_padding=\u00bb20&#8243; class=\u00bbpfila\u00bb overlay_strength=\u00bb0.3&#8243; shape_divider_position=\u00bbbottom\u00bb shape_type=\u00bb\u00bb][vc_column centered_text=\u00bbtrue\u00bb column_padding=\u00bbno-extra-padding\u00bb column_padding_position=\u00bball\u00bb background_color_opacity=\u00bb1&#8243; background_hover_color_opacity=\u00bb1&#8243; column_shadow=\u00bbnone\u00bb column_border_radius=\u00bbnone\u00bb width=\u00bb1\/1&#8243; tablet_text_alignment=\u00bbdefault\u00bb phone_text_alignment=\u00bbdefault\u00bb column_border_width=\u00bbnone\u00bb column_border_style=\u00bbsolid\u00bb][vc_column_text max_width=\u00bb800&#8243;] Habitaciones Mikasa es su hogar&#8230;<\/p>\n","protected":false},"author":3,"featured_media":0,"parent":0,"menu_order":0,"comment_status":"closed","ping_status":"closed","template":"","meta":{"_monsterinsights_skip_tracking":false,"_monsterinsights_sitenote_active":false,"_monsterinsights_sitenote_note":"","_monsterinsights_sitenote_category":0,"_joinchat":[],"footnotes":""},"class_list":["post-1218","page","type-page","status-publish"],"yoast_head":"<!-- This site is optimized with the Yoast SEO plugin v27.4 - https:\/\/yoast.com\/product\/yoast-seo-wordpress\/ -->\n<title>Habitaciones - Mikasa Ibiza<\/title>\n<meta name=\"description\" content=\"Con vistas a Marina Botafoch y con la encantadora playa de Talamanca a s\u00f3lo unos pasos, las 16 habitaciones de Mikasa proporcionan un respiro de ensue\u00f1o.\" \/>\n<meta name=\"robots\" content=\"index, follow, max-snippet:-1, max-image-preview:large, max-video-preview:-1\" \/>\n<link rel=\"canonical\" href=\"https:\/\/www.mikasaibiza.com\/es\/habitaciones\/\" \/>\n<meta property=\"og:locale\" content=\"es_ES\" \/>\n<meta property=\"og:type\" content=\"article\" \/>\n<meta property=\"og:title\" content=\"Habitaciones - Mikasa Ibiza\" \/>\n<meta property=\"og:description\" content=\"Con vistas a Marina Botafoch y con la encantadora playa de Talamanca a s\u00f3lo unos pasos, las 16 habitaciones de Mikasa proporcionan un respiro de ensue\u00f1o.\" \/>\n<meta property=\"og:url\" content=\"https:\/\/www.mikasaibiza.com\/es\/habitaciones\/\" \/>\n<meta property=\"og:site_name\" content=\"Mikasa Ibiza\" \/>\n<meta property=\"article:publisher\" content=\"https:\/\/www.facebook.com\/MiKasa-Ibiza-Boutique-Hotel-574954372884624\" \/>\n<meta property=\"article:modified_time\" content=\"2025-05-14T17:06:59+00:00\" \/>\n<meta property=\"og:image\" content=\"https:\/\/www.mikasaibiza.com\/wp-content\/uploads\/2018\/08\/Nextw.png\" \/>\n<meta name=\"twitter:card\" content=\"summary_large_image\" \/>\n<meta name=\"twitter:label1\" content=\"Tiempo de lectura\" \/>\n\t<meta name=\"twitter:data1\" content=\"2 minutos\" \/>\n<script type=\"application\/ld+json\" class=\"yoast-schema-graph\">{\"@context\":\"https:\\\/\\\/schema.org\",\"@graph\":[{\"@type\":\"WebPage\",\"@id\":\"https:\\\/\\\/www.mikasaibiza.com\\\/es\\\/habitaciones\\\/\",\"url\":\"https:\\\/\\\/www.mikasaibiza.com\\\/es\\\/habitaciones\\\/\",\"name\":\"Habitaciones - Mikasa Ibiza\",\"isPartOf\":{\"@id\":\"https:\\\/\\\/www.mikasaibiza.com\\\/#website\"},\"primaryImageOfPage\":{\"@id\":\"https:\\\/\\\/www.mikasaibiza.com\\\/es\\\/habitaciones\\\/#primaryimage\"},\"image\":{\"@id\":\"https:\\\/\\\/www.mikasaibiza.com\\\/es\\\/habitaciones\\\/#primaryimage\"},\"thumbnailUrl\":\"https:\\\/\\\/www.mikasaibiza.com\\\/wp-content\\\/uploads\\\/2018\\\/08\\\/Nextw.png\",\"datePublished\":\"2018-08-07T15:05:23+00:00\",\"dateModified\":\"2025-05-14T17:06:59+00:00\",\"description\":\"Con vistas a Marina Botafoch y con la encantadora playa de Talamanca a s\u00f3lo unos pasos, las 16 habitaciones de Mikasa proporcionan un respiro de ensue\u00f1o.\",\"breadcrumb\":{\"@id\":\"https:\\\/\\\/www.mikasaibiza.com\\\/es\\\/habitaciones\\\/#breadcrumb\"},\"inLanguage\":\"es\",\"potentialAction\":[{\"@type\":\"ReadAction\",\"target\":[\"https:\\\/\\\/www.mikasaibiza.com\\\/es\\\/habitaciones\\\/\"]}]},{\"@type\":\"ImageObject\",\"inLanguage\":\"es\",\"@id\":\"https:\\\/\\\/www.mikasaibiza.com\\\/es\\\/habitaciones\\\/#primaryimage\",\"url\":\"https:\\\/\\\/www.mikasaibiza.com\\\/wp-content\\\/uploads\\\/2018\\\/08\\\/Nextw.png\",\"contentUrl\":\"https:\\\/\\\/www.mikasaibiza.com\\\/wp-content\\\/uploads\\\/2018\\\/08\\\/Nextw.png\"},{\"@type\":\"BreadcrumbList\",\"@id\":\"https:\\\/\\\/www.mikasaibiza.com\\\/es\\\/habitaciones\\\/#breadcrumb\",\"itemListElement\":[{\"@type\":\"ListItem\",\"position\":1,\"name\":\"Portada\",\"item\":\"https:\\\/\\\/www.mikasaibiza.com\\\/\"},{\"@type\":\"ListItem\",\"position\":2,\"name\":\"Habitaciones\"}]},{\"@type\":\"WebSite\",\"@id\":\"https:\\\/\\\/www.mikasaibiza.com\\\/#website\",\"url\":\"https:\\\/\\\/www.mikasaibiza.com\\\/\",\"name\":\"Mikasa Ibiza\",\"description\":\"\",\"publisher\":{\"@id\":\"https:\\\/\\\/www.mikasaibiza.com\\\/#organization\"},\"potentialAction\":[{\"@type\":\"SearchAction\",\"target\":{\"@type\":\"EntryPoint\",\"urlTemplate\":\"https:\\\/\\\/www.mikasaibiza.com\\\/?s={search_term_string}\"},\"query-input\":{\"@type\":\"PropertyValueSpecification\",\"valueRequired\":true,\"valueName\":\"search_term_string\"}}],\"inLanguage\":\"es\"},{\"@type\":\"Organization\",\"@id\":\"https:\\\/\\\/www.mikasaibiza.com\\\/#organization\",\"name\":\"Mikasa Ibiza\",\"url\":\"https:\\\/\\\/www.mikasaibiza.com\\\/\",\"logo\":{\"@type\":\"ImageObject\",\"inLanguage\":\"es\",\"@id\":\"https:\\\/\\\/www.mikasaibiza.com\\\/#\\\/schema\\\/logo\\\/image\\\/\",\"url\":\"https:\\\/\\\/www.mikasaibiza.com\\\/wp-content\\\/uploads\\\/2022\\\/03\\\/logo-verde-vertical.png\",\"contentUrl\":\"https:\\\/\\\/www.mikasaibiza.com\\\/wp-content\\\/uploads\\\/2022\\\/03\\\/logo-verde-vertical.png\",\"width\":328,\"height\":377,\"caption\":\"Mikasa Ibiza\"},\"image\":{\"@id\":\"https:\\\/\\\/www.mikasaibiza.com\\\/#\\\/schema\\\/logo\\\/image\\\/\"},\"sameAs\":[\"https:\\\/\\\/www.facebook.com\\\/MiKasa-Ibiza-Boutique-Hotel-574954372884624\",\"https:\\\/\\\/www.instagram.com\\\/mikasaibiza\\\/\"]}]}<\/script>\n<!-- \/ Yoast SEO plugin. -->","yoast_head_json":{"title":"Habitaciones - Mikasa Ibiza","description":"Con vistas a Marina Botafoch y con la encantadora playa de Talamanca a s\u00f3lo unos pasos, las 16 habitaciones de Mikasa proporcionan un respiro de ensue\u00f1o.","robots":{"index":"index","follow":"follow","max-snippet":"max-snippet:-1","max-image-preview":"max-image-preview:large","max-video-preview":"max-video-preview:-1"},"canonical":"https:\/\/www.mikasaibiza.com\/es\/habitaciones\/","og_locale":"es_ES","og_type":"article","og_title":"Habitaciones - Mikasa Ibiza","og_description":"Con vistas a Marina Botafoch y con la encantadora playa de Talamanca a s\u00f3lo unos pasos, las 16 habitaciones de Mikasa proporcionan un respiro de ensue\u00f1o.","og_url":"https:\/\/www.mikasaibiza.com\/es\/habitaciones\/","og_site_name":"Mikasa Ibiza","article_publisher":"https:\/\/www.facebook.com\/MiKasa-Ibiza-Boutique-Hotel-574954372884624","article_modified_time":"2025-05-14T17:06:59+00:00","og_image":[{"url":"https:\/\/www.mikasaibiza.com\/wp-content\/uploads\/2018\/08\/Nextw.png","type":"","width":"","height":""}],"twitter_card":"summary_large_image","twitter_misc":{"Tiempo de lectura":"2 minutos"},"schema":{"@context":"https:\/\/schema.org","@graph":[{"@type":"WebPage","@id":"https:\/\/www.mikasaibiza.com\/es\/habitaciones\/","url":"https:\/\/www.mikasaibiza.com\/es\/habitaciones\/","name":"Habitaciones - Mikasa Ibiza","isPartOf":{"@id":"https:\/\/www.mikasaibiza.com\/#website"},"primaryImageOfPage":{"@id":"https:\/\/www.mikasaibiza.com\/es\/habitaciones\/#primaryimage"},"image":{"@id":"https:\/\/www.mikasaibiza.com\/es\/habitaciones\/#primaryimage"},"thumbnailUrl":"https:\/\/www.mikasaibiza.com\/wp-content\/uploads\/2018\/08\/Nextw.png","datePublished":"2018-08-07T15:05:23+00:00","dateModified":"2025-05-14T17:06:59+00:00","description":"Con vistas a Marina Botafoch y con la encantadora playa de Talamanca a s\u00f3lo unos pasos, las 16 habitaciones de Mikasa proporcionan un respiro de ensue\u00f1o.","breadcrumb":{"@id":"https:\/\/www.mikasaibiza.com\/es\/habitaciones\/#breadcrumb"},"inLanguage":"es","potentialAction":[{"@type":"ReadAction","target":["https:\/\/www.mikasaibiza.com\/es\/habitaciones\/"]}]},{"@type":"ImageObject","inLanguage":"es","@id":"https:\/\/www.mikasaibiza.com\/es\/habitaciones\/#primaryimage","url":"https:\/\/www.mikasaibiza.com\/wp-content\/uploads\/2018\/08\/Nextw.png","contentUrl":"https:\/\/www.mikasaibiza.com\/wp-content\/uploads\/2018\/08\/Nextw.png"},{"@type":"BreadcrumbList","@id":"https:\/\/www.mikasaibiza.com\/es\/habitaciones\/#breadcrumb","itemListElement":[{"@type":"ListItem","position":1,"name":"Portada","item":"https:\/\/www.mikasaibiza.com\/"},{"@type":"ListItem","position":2,"name":"Habitaciones"}]},{"@type":"WebSite","@id":"https:\/\/www.mikasaibiza.com\/#website","url":"https:\/\/www.mikasaibiza.com\/","name":"Mikasa Ibiza","description":"","publisher":{"@id":"https:\/\/www.mikasaibiza.com\/#organization"},"potentialAction":[{"@type":"SearchAction","target":{"@type":"EntryPoint","urlTemplate":"https:\/\/www.mikasaibiza.com\/?s={search_term_string}"},"query-input":{"@type":"PropertyValueSpecification","valueRequired":true,"valueName":"search_term_string"}}],"inLanguage":"es"},{"@type":"Organization","@id":"https:\/\/www.mikasaibiza.com\/#organization","name":"Mikasa Ibiza","url":"https:\/\/www.mikasaibiza.com\/","logo":{"@type":"ImageObject","inLanguage":"es","@id":"https:\/\/www.mikasaibiza.com\/#\/schema\/logo\/image\/","url":"https:\/\/www.mikasaibiza.com\/wp-content\/uploads\/2022\/03\/logo-verde-vertical.png","contentUrl":"https:\/\/www.mikasaibiza.com\/wp-content\/uploads\/2022\/03\/logo-verde-vertical.png","width":328,"height":377,"caption":"Mikasa Ibiza"},"image":{"@id":"https:\/\/www.mikasaibiza.com\/#\/schema\/logo\/image\/"},"sameAs":["https:\/\/www.facebook.com\/MiKasa-Ibiza-Boutique-Hotel-574954372884624","https:\/\/www.instagram.com\/mikasaibiza\/"]}]}},"_links":{"self":[{"href":"https:\/\/www.mikasaibiza.com\/es\/wp-json\/wp\/v2\/pages\/1218","targetHints":{"allow":["GET"]}}],"collection":[{"href":"https:\/\/www.mikasaibiza.com\/es\/wp-json\/wp\/v2\/pages"}],"about":[{"href":"https:\/\/www.mikasaibiza.com\/es\/wp-json\/wp\/v2\/types\/page"}],"author":[{"embeddable":true,"href":"https:\/\/www.mikasaibiza.com\/es\/wp-json\/wp\/v2\/users\/3"}],"replies":[{"embeddable":true,"href":"https:\/\/www.mikasaibiza.com\/es\/wp-json\/wp\/v2\/comments?post=1218"}],"version-history":[{"count":21,"href":"https:\/\/www.mikasaibiza.com\/es\/wp-json\/wp\/v2\/pages\/1218\/revisions"}],"predecessor-version":[{"id":5236,"href":"https:\/\/www.mikasaibiza.com\/es\/wp-json\/wp\/v2\/pages\/1218\/revisions\/5236"}],"wp:attachment":[{"href":"https:\/\/www.mikasaibiza.com\/es\/wp-json\/wp\/v2\/media?parent=1218"}],"curies":[{"name":"wp","href":"https:\/\/api.w.org\/{rel}","templated":true}]}}