{"id":1211,"date":"2018-08-07T15:07:33","date_gmt":"2018-08-07T15:07:33","guid":{"rendered":"https:\/\/www.mikasaibiza.com\/contact\/"},"modified":"2025-05-14T15:36:37","modified_gmt":"2025-05-14T15:36:37","slug":"contacto","status":"publish","type":"page","link":"https:\/\/www.mikasaibiza.com\/es\/contacto\/","title":{"rendered":"Contacto"},"content":{"rendered":"[vc_row type=\u00bbin_container\u00bb full_screen_row_position=\u00bbmiddle\u00bb scene_position=\u00bbcenter\u00bb text_color=\u00bbdark\u00bb text_align=\u00bbleft\u00bb top_padding=\u00bb300&#8243; class=\u00bbpfila\u00bb overlay_strength=\u00bb0.3&#8243; shape_divider_position=\u00bbbottom\u00bb shape_type=\u00bb\u00bb][vc_column column_padding=\u00bbno-extra-padding\u00bb column_padding_position=\u00bball\u00bb background_color_opacity=\u00bb1&#8243; background_hover_color_opacity=\u00bb1&#8243; column_shadow=\u00bbnone\u00bb column_border_radius=\u00bbnone\u00bb width=\u00bb1\/1&#8243; tablet_text_alignment=\u00bbdefault\u00bb phone_text_alignment=\u00bbdefault\u00bb column_border_width=\u00bbnone\u00bb column_border_style=\u00bbsolid\u00bb][vc_column_text]\n<h1 style=\"text-align: center;\">Contacto<\/h1>\n[\/vc_column_text][\/vc_column][\/vc_row][vc_row type=\u00bbin_container\u00bb full_screen_row_position=\u00bbmiddle\u00bb scene_position=\u00bbcenter\u00bb text_color=\u00bbdark\u00bb text_align=\u00bbleft\u00bb top_padding=\u00bb50&#8243; overlay_strength=\u00bb0.3&#8243; shape_divider_position=\u00bbbottom\u00bb shape_type=\u00bb\u00bb][vc_column column_padding=\u00bbno-extra-padding\u00bb column_padding_position=\u00bball\u00bb background_color_opacity=\u00bb1&#8243; background_hover_color_opacity=\u00bb1&#8243; column_shadow=\u00bbnone\u00bb column_border_radius=\u00bbnone\u00bb width=\u00bb1\/3&#8243; tablet_text_alignment=\u00bbdefault\u00bb phone_text_alignment=\u00bbdefault\u00bb column_border_width=\u00bbnone\u00bb column_border_style=\u00bbsolid\u00bb][vc_column_text]Mikasa Ibiza<\/p>\n<p>Calle Ibosim, 11<br \/>\n07800 Eivissa<br \/>\nHotel T. +34 971 317 922<br \/>\nbooking@mikasaibiza.com[\/vc_column_text][vc_raw_html]PGRpdiBjbGFzcz0icmVkZXNfY29udGFjdCI+DQoNCkNvbsOzY2Vub3MNCg0KPGEgaHJlZj0iaHR0cHM6Ly93d3cuZmFjZWJvb2suY29tL01pS2FzYS1JYml6YS1Cb3V0aXF1ZS1Ib3RlbC01NzQ5NTQzNzI4ODQ2MjQiIHRhcmdldD0iX2JsYW5rIiByZWw9Im5vb3BlbmVyIj48aW1nIHNyYz0iaHR0cHM6Ly93d3cubWlrYXNhaWJpemEuY29tL3dwLWNvbnRlbnQvdGhlbWVzL3NhbGllbnQtY2hpbGQvaW1hZ2VzL2lmYWNlYm9vay5zdmciIGFsdD0iRmFjZWJvb2sgTWlrYXNhIEliaXphIiAvPjwvYT4NCjxhIGhyZWY9Imh0dHBzOi8vd3d3Lmluc3RhZ3JhbS5jb20vbWlrYXNhaWJpemEvIiB0YXJnZXQ9Il9ibGFuayIgcmVsPSJub29wZW5lciI+PGltZyBzcmM9Imh0dHBzOi8vd3d3Lm1pa2FzYWliaXphLmNvbS93cC1jb250ZW50L3RoZW1lcy9zYWxpZW50LWNoaWxkL2ltYWdlcy9paW5zdGFncmFtLnN2ZyIgYWx0PSJJbnN0YWdyYW0gTWlrYXNhIEliaXphIiAvPjwvYT4NCg0KPC9kaXY+[\/vc_raw_html][\/vc_column][vc_column column_padding=\u00bbno-extra-padding\u00bb column_padding_position=\u00bball\u00bb background_color_opacity=\u00bb1&#8243; background_hover_color_opacity=\u00bb1&#8243; column_shadow=\u00bbnone\u00bb column_border_radius=\u00bbnone\u00bb width=\u00bb2\/3&#8243; tablet_text_alignment=\u00bbdefault\u00bb phone_text_alignment=\u00bbdefault\u00bb column_border_width=\u00bbnone\u00bb column_border_style=\u00bbsolid\u00bb]\n<div class=\"wpcf7 no-js\" id=\"wpcf7-f1862-o1\" lang=\"es-ES\" dir=\"ltr\" data-wpcf7-id=\"1862\">\n<div class=\"screen-reader-response\"><p role=\"status\" aria-live=\"polite\" aria-atomic=\"true\"><\/p> <ul><\/ul><\/div>\n<form action=\"\/es\/wp-json\/wp\/v2\/pages\/1211#wpcf7-f1862-o1\" method=\"post\" class=\"wpcf7-form init\" aria-label=\"Formulario de contacto\" novalidate=\"novalidate\" data-status=\"init\">\n<fieldset class=\"hidden-fields-container\"><input type=\"hidden\" name=\"_wpcf7\" value=\"1862\" \/><input type=\"hidden\" name=\"_wpcf7_version\" value=\"6.1.5\" \/><input type=\"hidden\" name=\"_wpcf7_locale\" value=\"es_ES\" \/><input type=\"hidden\" name=\"_wpcf7_unit_tag\" value=\"wpcf7-f1862-o1\" \/><input type=\"hidden\" name=\"_wpcf7_container_post\" value=\"0\" \/><input type=\"hidden\" name=\"_wpcf7_posted_data_hash\" value=\"\" \/>\n<\/fieldset>\n<p><label> Nombre *<br \/>\n<span class=\"wpcf7-form-control-wrap\" data-name=\"your-name\"><input size=\"40\" maxlength=\"400\" class=\"wpcf7-form-control wpcf7-text wpcf7-validates-as-required\" aria-required=\"true\" aria-invalid=\"false\" value=\"\" type=\"text\" name=\"your-name\" \/><\/span> <\/label>\n<\/p>\n<p><label> Email *<br \/>\n<span class=\"wpcf7-form-control-wrap\" data-name=\"your-email\"><input size=\"40\" maxlength=\"400\" class=\"wpcf7-form-control wpcf7-email wpcf7-validates-as-required wpcf7-text wpcf7-validates-as-email\" aria-required=\"true\" aria-invalid=\"false\" value=\"\" type=\"email\" name=\"your-email\" \/><\/span> <\/label>\n<\/p>\n<p><label> Asunto<br \/>\n<span class=\"wpcf7-form-control-wrap\" data-name=\"your-subject\"><input size=\"40\" maxlength=\"400\" class=\"wpcf7-form-control wpcf7-text\" aria-invalid=\"false\" value=\"\" type=\"text\" name=\"your-subject\" \/><\/span> <\/label>\n<\/p>\n<p><label> Mensaje<br \/>\n<span class=\"wpcf7-form-control-wrap\" data-name=\"your-message\"><textarea cols=\"40\" rows=\"10\" maxlength=\"2000\" class=\"wpcf7-form-control wpcf7-textarea\" aria-invalid=\"false\" name=\"your-message\"><\/textarea><\/span> <\/label>\n<\/p>\n<p><input class=\"wpcf7-form-control wpcf7-submit has-spinner\" type=\"submit\" value=\"Enviar\" \/>\n<\/p><div class=\"wpcf7-response-output\" aria-hidden=\"true\"><\/div>\n<\/form>\n<\/div>\n[\/vc_column][\/vc_row][vc_row type=\u00bbin_container\u00bb full_screen_row_position=\u00bbmiddle\u00bb scene_position=\u00bbcenter\u00bb text_color=\u00bbdark\u00bb text_align=\u00bbleft\u00bb top_padding=\u00bb100&#8243; id=\u00bbhmap\u00bb overlay_strength=\u00bb0.3&#8243; shape_divider_position=\u00bbbottom\u00bb shape_type=\u00bb\u00bb][vc_column centered_text=\u00bbtrue\u00bb column_padding=\u00bbno-extra-padding\u00bb column_padding_position=\u00bball\u00bb background_color_opacity=\u00bb1&#8243; background_hover_color_opacity=\u00bb1&#8243; column_shadow=\u00bbnone\u00bb column_border_radius=\u00bbnone\u00bb width=\u00bb1\/1&#8243; tablet_text_alignment=\u00bbdefault\u00bb phone_text_alignment=\u00bbdefault\u00bb column_border_width=\u00bbnone\u00bb column_border_style=\u00bbsolid\u00bb][vc_column_text max_width=\u00bb1100&#8243;]\n<h2>Location Mikasa<\/h2>\n<p>Mikasa Boutique Hotel est\u00e1 situado a solo unos minutos a pie del casco antiguo y del puerto de Ibiza, y a tan solo 10 minutos en coche del aeropuerto. Para organizar su traslado privado desde el aeropuerto, p\u00f3ngase en contacto con el equipo de conserjer\u00eda una vez que su reserva est\u00e9 confirmada a este correo: <a href=\"mailto:info@mikasaibiza.com\">info@mikasaibiza.com<\/a><\/p>\n<p>Para llegar al casco antiguo, hay un servicio de bus marino p\u00fablico, disponible todos los d\u00edas de la semana, que le lleva c\u00f3modamente desde la marina hasta el puerto de Ibiza y viceversa.[\/vc_column_text][\/vc_column][\/vc_row][vc_row type=\u00bbfull_width_content\u00bb full_screen_row_position=\u00bbmiddle\u00bb scene_position=\u00bbcenter\u00bb text_color=\u00bbdark\u00bb text_align=\u00bbleft\u00bb id=\u00bbhmap2&#8243; overlay_strength=\u00bb0.3&#8243; shape_divider_position=\u00bbbottom\u00bb shape_type=\u00bb\u00bb][vc_column column_padding=\u00bbno-extra-padding\u00bb column_padding_position=\u00bball\u00bb background_color_opacity=\u00bb1&#8243; background_hover_color_opacity=\u00bb1&#8243; column_shadow=\u00bbnone\u00bb column_border_radius=\u00bbnone\u00bb width=\u00bb1\/1&#8243; tablet_text_alignment=\u00bbdefault\u00bb phone_text_alignment=\u00bbdefault\u00bb column_border_width=\u00bbnone\u00bb column_border_style=\u00bbsolid\u00bb][vc_raw_html]PGlmcmFtZSBzcmM9Imh0dHBzOi8vc25henp5bWFwcy5jb20vZW1iZWQvOTE4MTQiIHdpZHRoPSIxMDAlIiBoZWlnaHQ9IjYwMHB4IiBzdHlsZT0iYm9yZGVyOm5vbmU7Ij48L2lmcmFtZT4=[\/vc_raw_html][\/vc_column][\/vc_row]\n","protected":false},"excerpt":{"rendered":"<p>[vc_row type=\u00bbin_container\u00bb full_screen_row_position=\u00bbmiddle\u00bb scene_position=\u00bbcenter\u00bb text_color=\u00bbdark\u00bb text_align=\u00bbleft\u00bb top_padding=\u00bb300&#8243; class=\u00bbpfila\u00bb overlay_strength=\u00bb0.3&#8243; shape_divider_position=\u00bbbottom\u00bb shape_type=\u00bb\u00bb][vc_column column_padding=\u00bbno-extra-padding\u00bb column_padding_position=\u00bball\u00bb background_color_opacity=\u00bb1&#8243; background_hover_color_opacity=\u00bb1&#8243; column_shadow=\u00bbnone\u00bb column_border_radius=\u00bbnone\u00bb width=\u00bb1\/1&#8243; tablet_text_alignment=\u00bbdefault\u00bb phone_text_alignment=\u00bbdefault\u00bb column_border_width=\u00bbnone\u00bb column_border_style=\u00bbsolid\u00bb][vc_column_text] Contacto [\/vc_column_text][\/vc_column][\/vc_row][vc_row type=\u00bbin_container\u00bb full_screen_row_position=\u00bbmiddle\u00bb scene_position=\u00bbcenter\u00bb text_color=\u00bbdark\u00bb text_align=\u00bbleft\u00bb top_padding=\u00bb50&#8243;&#8230;<\/p>\n","protected":false},"author":3,"featured_media":0,"parent":0,"menu_order":0,"comment_status":"closed","ping_status":"closed","template":"","meta":{"_monsterinsights_skip_tracking":false,"_monsterinsights_sitenote_active":false,"_monsterinsights_sitenote_note":"","_monsterinsights_sitenote_category":0,"_joinchat":[],"footnotes":""},"class_list":["post-1211","page","type-page","status-publish"],"yoast_head":"<!-- This site is optimized with the Yoast SEO plugin v27.4 - https:\/\/yoast.com\/product\/yoast-seo-wordpress\/ -->\n<title>Contacto - Mikasa Ibiza<\/title>\n<meta name=\"description\" content=\"Contacte directamente con el personal de Mikasa Boutique Hotel en Ibiza para reservar su habitaci\u00f3n, solicitar un presupuesto o cualquier otra duda que pueda tener.\" \/>\n<meta name=\"robots\" content=\"index, follow, max-snippet:-1, max-image-preview:large, max-video-preview:-1\" \/>\n<link rel=\"canonical\" href=\"https:\/\/www.mikasaibiza.com\/es\/contacto\/\" \/>\n<meta property=\"og:locale\" content=\"es_ES\" \/>\n<meta property=\"og:type\" content=\"article\" \/>\n<meta property=\"og:title\" content=\"Contacto - Mikasa Ibiza\" \/>\n<meta property=\"og:description\" content=\"Contacte directamente con el personal de Mikasa Boutique Hotel en Ibiza para reservar su habitaci\u00f3n, solicitar un presupuesto o cualquier otra duda que pueda tener.\" \/>\n<meta property=\"og:url\" content=\"https:\/\/www.mikasaibiza.com\/es\/contacto\/\" \/>\n<meta property=\"og:site_name\" content=\"Mikasa Ibiza\" \/>\n<meta property=\"article:publisher\" content=\"https:\/\/www.facebook.com\/MiKasa-Ibiza-Boutique-Hotel-574954372884624\" \/>\n<meta property=\"article:modified_time\" content=\"2025-05-14T15:36:37+00:00\" \/>\n<meta name=\"twitter:card\" content=\"summary_large_image\" \/>\n<meta name=\"twitter:label1\" content=\"Tiempo de lectura\" \/>\n\t<meta name=\"twitter:data1\" content=\"1 minuto\" \/>\n<script type=\"application\/ld+json\" class=\"yoast-schema-graph\">{\"@context\":\"https:\\\/\\\/schema.org\",\"@graph\":[{\"@type\":\"WebPage\",\"@id\":\"https:\\\/\\\/www.mikasaibiza.com\\\/es\\\/contacto\\\/\",\"url\":\"https:\\\/\\\/www.mikasaibiza.com\\\/es\\\/contacto\\\/\",\"name\":\"Contacto - Mikasa Ibiza\",\"isPartOf\":{\"@id\":\"https:\\\/\\\/www.mikasaibiza.com\\\/#website\"},\"datePublished\":\"2018-08-07T15:07:33+00:00\",\"dateModified\":\"2025-05-14T15:36:37+00:00\",\"description\":\"Contacte directamente con el personal de Mikasa Boutique Hotel en Ibiza para reservar su habitaci\u00f3n, solicitar un presupuesto o cualquier otra duda que pueda tener.\",\"breadcrumb\":{\"@id\":\"https:\\\/\\\/www.mikasaibiza.com\\\/es\\\/contacto\\\/#breadcrumb\"},\"inLanguage\":\"es\",\"potentialAction\":[{\"@type\":\"ReadAction\",\"target\":[\"https:\\\/\\\/www.mikasaibiza.com\\\/es\\\/contacto\\\/\"]}]},{\"@type\":\"BreadcrumbList\",\"@id\":\"https:\\\/\\\/www.mikasaibiza.com\\\/es\\\/contacto\\\/#breadcrumb\",\"itemListElement\":[{\"@type\":\"ListItem\",\"position\":1,\"name\":\"Portada\",\"item\":\"https:\\\/\\\/www.mikasaibiza.com\\\/\"},{\"@type\":\"ListItem\",\"position\":2,\"name\":\"Contacto\"}]},{\"@type\":\"WebSite\",\"@id\":\"https:\\\/\\\/www.mikasaibiza.com\\\/#website\",\"url\":\"https:\\\/\\\/www.mikasaibiza.com\\\/\",\"name\":\"Mikasa Ibiza\",\"description\":\"\",\"publisher\":{\"@id\":\"https:\\\/\\\/www.mikasaibiza.com\\\/#organization\"},\"potentialAction\":[{\"@type\":\"SearchAction\",\"target\":{\"@type\":\"EntryPoint\",\"urlTemplate\":\"https:\\\/\\\/www.mikasaibiza.com\\\/?s={search_term_string}\"},\"query-input\":{\"@type\":\"PropertyValueSpecification\",\"valueRequired\":true,\"valueName\":\"search_term_string\"}}],\"inLanguage\":\"es\"},{\"@type\":\"Organization\",\"@id\":\"https:\\\/\\\/www.mikasaibiza.com\\\/#organization\",\"name\":\"Mikasa Ibiza\",\"url\":\"https:\\\/\\\/www.mikasaibiza.com\\\/\",\"logo\":{\"@type\":\"ImageObject\",\"inLanguage\":\"es\",\"@id\":\"https:\\\/\\\/www.mikasaibiza.com\\\/#\\\/schema\\\/logo\\\/image\\\/\",\"url\":\"https:\\\/\\\/www.mikasaibiza.com\\\/wp-content\\\/uploads\\\/2022\\\/03\\\/logo-verde-vertical.png\",\"contentUrl\":\"https:\\\/\\\/www.mikasaibiza.com\\\/wp-content\\\/uploads\\\/2022\\\/03\\\/logo-verde-vertical.png\",\"width\":328,\"height\":377,\"caption\":\"Mikasa Ibiza\"},\"image\":{\"@id\":\"https:\\\/\\\/www.mikasaibiza.com\\\/#\\\/schema\\\/logo\\\/image\\\/\"},\"sameAs\":[\"https:\\\/\\\/www.facebook.com\\\/MiKasa-Ibiza-Boutique-Hotel-574954372884624\",\"https:\\\/\\\/www.instagram.com\\\/mikasaibiza\\\/\"]}]}<\/script>\n<!-- \/ Yoast SEO plugin. -->","yoast_head_json":{"title":"Contacto - Mikasa Ibiza","description":"Contacte directamente con el personal de Mikasa Boutique Hotel en Ibiza para reservar su habitaci\u00f3n, solicitar un presupuesto o cualquier otra duda que pueda tener.","robots":{"index":"index","follow":"follow","max-snippet":"max-snippet:-1","max-image-preview":"max-image-preview:large","max-video-preview":"max-video-preview:-1"},"canonical":"https:\/\/www.mikasaibiza.com\/es\/contacto\/","og_locale":"es_ES","og_type":"article","og_title":"Contacto - Mikasa Ibiza","og_description":"Contacte directamente con el personal de Mikasa Boutique Hotel en Ibiza para reservar su habitaci\u00f3n, solicitar un presupuesto o cualquier otra duda que pueda tener.","og_url":"https:\/\/www.mikasaibiza.com\/es\/contacto\/","og_site_name":"Mikasa Ibiza","article_publisher":"https:\/\/www.facebook.com\/MiKasa-Ibiza-Boutique-Hotel-574954372884624","article_modified_time":"2025-05-14T15:36:37+00:00","twitter_card":"summary_large_image","twitter_misc":{"Tiempo de lectura":"1 minuto"},"schema":{"@context":"https:\/\/schema.org","@graph":[{"@type":"WebPage","@id":"https:\/\/www.mikasaibiza.com\/es\/contacto\/","url":"https:\/\/www.mikasaibiza.com\/es\/contacto\/","name":"Contacto - Mikasa Ibiza","isPartOf":{"@id":"https:\/\/www.mikasaibiza.com\/#website"},"datePublished":"2018-08-07T15:07:33+00:00","dateModified":"2025-05-14T15:36:37+00:00","description":"Contacte directamente con el personal de Mikasa Boutique Hotel en Ibiza para reservar su habitaci\u00f3n, solicitar un presupuesto o cualquier otra duda que pueda tener.","breadcrumb":{"@id":"https:\/\/www.mikasaibiza.com\/es\/contacto\/#breadcrumb"},"inLanguage":"es","potentialAction":[{"@type":"ReadAction","target":["https:\/\/www.mikasaibiza.com\/es\/contacto\/"]}]},{"@type":"BreadcrumbList","@id":"https:\/\/www.mikasaibiza.com\/es\/contacto\/#breadcrumb","itemListElement":[{"@type":"ListItem","position":1,"name":"Portada","item":"https:\/\/www.mikasaibiza.com\/"},{"@type":"ListItem","position":2,"name":"Contacto"}]},{"@type":"WebSite","@id":"https:\/\/www.mikasaibiza.com\/#website","url":"https:\/\/www.mikasaibiza.com\/","name":"Mikasa Ibiza","description":"","publisher":{"@id":"https:\/\/www.mikasaibiza.com\/#organization"},"potentialAction":[{"@type":"SearchAction","target":{"@type":"EntryPoint","urlTemplate":"https:\/\/www.mikasaibiza.com\/?s={search_term_string}"},"query-input":{"@type":"PropertyValueSpecification","valueRequired":true,"valueName":"search_term_string"}}],"inLanguage":"es"},{"@type":"Organization","@id":"https:\/\/www.mikasaibiza.com\/#organization","name":"Mikasa Ibiza","url":"https:\/\/www.mikasaibiza.com\/","logo":{"@type":"ImageObject","inLanguage":"es","@id":"https:\/\/www.mikasaibiza.com\/#\/schema\/logo\/image\/","url":"https:\/\/www.mikasaibiza.com\/wp-content\/uploads\/2022\/03\/logo-verde-vertical.png","contentUrl":"https:\/\/www.mikasaibiza.com\/wp-content\/uploads\/2022\/03\/logo-verde-vertical.png","width":328,"height":377,"caption":"Mikasa Ibiza"},"image":{"@id":"https:\/\/www.mikasaibiza.com\/#\/schema\/logo\/image\/"},"sameAs":["https:\/\/www.facebook.com\/MiKasa-Ibiza-Boutique-Hotel-574954372884624","https:\/\/www.instagram.com\/mikasaibiza\/"]}]}},"_links":{"self":[{"href":"https:\/\/www.mikasaibiza.com\/es\/wp-json\/wp\/v2\/pages\/1211","targetHints":{"allow":["GET"]}}],"collection":[{"href":"https:\/\/www.mikasaibiza.com\/es\/wp-json\/wp\/v2\/pages"}],"about":[{"href":"https:\/\/www.mikasaibiza.com\/es\/wp-json\/wp\/v2\/types\/page"}],"author":[{"embeddable":true,"href":"https:\/\/www.mikasaibiza.com\/es\/wp-json\/wp\/v2\/users\/3"}],"replies":[{"embeddable":true,"href":"https:\/\/www.mikasaibiza.com\/es\/wp-json\/wp\/v2\/comments?post=1211"}],"version-history":[{"count":6,"href":"https:\/\/www.mikasaibiza.com\/es\/wp-json\/wp\/v2\/pages\/1211\/revisions"}],"predecessor-version":[{"id":5114,"href":"https:\/\/www.mikasaibiza.com\/es\/wp-json\/wp\/v2\/pages\/1211\/revisions\/5114"}],"wp:attachment":[{"href":"https:\/\/www.mikasaibiza.com\/es\/wp-json\/wp\/v2\/media?parent=1211"}],"curies":[{"name":"wp","href":"https:\/\/api.w.org\/{rel}","templated":true}]}}